{"id":490,"date":"2024-02-09T14:49:54","date_gmt":"2024-02-09T12:49:54","guid":{"rendered":"https:\/\/flamingolilled.ee\/?page_id=490"},"modified":"2024-02-27T22:32:32","modified_gmt":"2024-02-27T20:32:32","slug":"uldtingimused","status":"publish","type":"page","link":"https:\/\/flamingolilled.ee\/en\/uldtingimused\/","title":{"rendered":"Terms &amp; conditions"},"content":{"rendered":"<p>Veebipoe flamingolilled.ee omanik (edaspidi viidatud kui Veebipood) on Maidro O\u00dc.<br>Registrikood: 10629549, asukoht: Aasa 1, P\u00f5lva, Eesti 63304, kontaktinfo:&nbsp;<a href=\"mailto:info@flamingolilled.ee\">info@flamingolilled.ee<\/a>, telefon&nbsp;+372 5831 9369.<\/p>\n\n\n\n<p><strong>M\u00fc\u00fcgilepingu kehtivus, kauba- ja hinnainfo<\/strong><\/p>\n\n\n\n<ul class=\"wp-block-list\">\n<li>M\u00fc\u00fcgitingimused kehtivad Veebipoest kaupade ostmisel.<\/li>\n\n\n\n<li>Veebipoes m\u00fc\u00fcdavate toodete hinnad on m\u00e4rgitud toodete juurde. Hinnale lisandub tasu kaubak\u00e4ttetoimetamise eest.<\/li>\n\n\n\n<li>K\u00f5ik hinnad on kuvatud eurodes (EUR) ja sisaldavad k\u00e4ibemaksu. Maidro O\u00dc on k\u00e4ibemaksukohustuslane.<\/li>\n\n\n\n<li>Kauba k\u00e4ttetoimetamise tasu s\u00f5ltub ostja asukohast ning k\u00e4ttetoimetamise viisist. K\u00e4ttetoimetamise tasu kuvatakse ostjale tellimuse vormistamisel.<\/li>\n\n\n\n<li>Teave kauba kohta on esitatud Veebipoes vahetult kauba juures.<\/li>\n\n\n\n<li>Veebipoel on \u00f5igus muuta e-poes kaupade hindu sellest Klienti eraldi teavitamata.<\/li>\n\n\n\n<li>Toote puudumisel on Veebipoel \u00f5igus tellitud toote pildil n\u00e4idatud lillede mitteolemasolul asendada pildil n\u00e4idatud lilled teiste sama liiki v\u00f5i sarnast v\u00e4rvi lilledega, tagades seejuures ligil\u00e4hedaselt sarnase v\u00e4limusega toote. Lillede asendamise korral tagab Veebipood, et tellimuse rahaline v\u00e4\u00e4rtus s\u00e4ilib. P\u00f5hitoote puudumisel v\u00f5tame Kliendiga \u00fchendust. Kui p\u00f5hitoote asendamise osas kokkulepet ei saavutata, v\u00f5ib Klient tellimusest keelduda ja tasutud rahasumma tagastatakse.<\/li>\n\n\n\n<li>Tulenevalt m\u00fc\u00fcdavate toodete (lillede) erip\u00e4rast on tootepildid illustratiivsed ning v\u00f5ivad erineda tegelikust tootest.&nbsp;Toote erisused tootepiltidest on p\u00f5hjustatud hooajalisusest, lillekasvatajate poolt loodud kasvutingimustest ja\/v\u00f5i sordi erip\u00e4radest l\u00e4htuvalt.<\/li>\n<\/ul>\n\n\n\n<p><strong>Tellimuse vormistamine<\/strong><\/p>\n\n\n\n<ul class=\"wp-block-list\">\n<li>Kauba tellimiseks tuleb lisada soovitud tooted ostukorvi. Tellimuse vormistamiseks tuleb t\u00e4ita n\u00f5utud andmev\u00e4ljad ning valida sobiv toodete kohaletoimetamise viis. Seej\u00e4rel kuvatakse ekraanile tasu suurus, mille saab tasuda VISA\/MasterCard kaardimaksega v\u00f5i kasutades Eesti pangalinke (Swedbank, SEB, Luminor, Coop, Pocopay ja Liisi ID), makseid vahendab Montonio Finance.<\/li>\n\n\n\n<li>Leping j\u00f5ustub alates tasumisele kuuluva summa laekumisest Veebipoe arvelduskontole.<\/li>\n\n\n\n<li>Kui tellitud kaupa ei ole v\u00f5imalik tarnida seoses kauba l\u00f5ppemisega v\u00f5i muul p\u00f5hjusel, teavitatakse sellest ostjat esimesel v\u00f5imalusel ning tagastatakse tasutud raha (sh kaubak\u00e4ttetoimetamise kulud) viivitamata, kuid mitte hiljem kui 14 p\u00e4eva jooksul teate saatmisest.<\/li>\n\n\n\n<li>Kui Klient soovib tellimust kohale toimetada samal p\u00e4eval, tuleb tellimus vormistada enne kella 17:00 (UTC+02:00). P\u00e4rast 17:00 (UTC+02:00) esitatud samap\u00e4eva tellimused toimetatakse kohale k\u00f5ige varem j\u00e4rgmisel kalendrip\u00e4eval.<\/li>\n<\/ul>\n\n\n\n<p><strong>Kohaletoimetamine<\/strong><\/p>\n\n\n\n<ul class=\"wp-block-list\">\n<li>Kaupu tarnitakse P\u00f5lvamaale. Teistesse Eesti piirkondadesse saatmine tuleb eelnevalt koosk\u00f5lastada.<\/li>\n\n\n\n<li>Ostja saab valida tarneviisi \u2013 kas k\u00e4ttesaamine kauplusest v\u00f5i kuller.<\/li>\n\n\n\n<li>Kauba saatmiskulud kannab ostja ning vastav hinnainfo on kuvatud saatmisviisi juures.<\/li>\n\n\n\n<li>Kaup toimetatakse kohale tellimuses sisestatud tarneaadressile tellimuses sisestatud v\u00f5i Saajaga kokkulepitud ajal<\/li>\n\n\n\n<li>Veebipood toimetab tooted kulleriga kohale kell 8.00-19.00. Muudel aegadel toimub kohaletoimetamine omavahelisel kokkuleppel.<\/li>\n<\/ul>\n\n\n\n<p><strong>Taganemis<\/strong><strong>\u00f5<\/strong><strong>igus<\/strong><\/p>\n\n\n\n<ul class=\"wp-block-list\">\n<li>P\u00e4rast tellimuse k\u00e4ttesaamist on ostjal \u00f5igus e-poes s\u00f5lmitud lepingust taganeda 14 p\u00e4eva jooksul. Kui tellimuse sisuks on lilled, lilleseseaded v\u00f5i lillekimbud pole vastavalt V\u00f5la\u00f5igusseaduse \u00a7-le 53 lg 4 p 4 Kliendil lepingust taganeda v\u00f5imalik.<\/li>\n\n\n\n<li>Kui klient soovib taganeda tellimusest, mille esemeks ei ole V\u00f5la\u00f5igusseaduse \u00a7-le 53 lg 4 p 4 toodu \u2013 lilled, lilleseaded v\u00f5i lillekimbud,&nbsp;kohustub ta sellest Studio Nelgile kirjalikult teatama.&nbsp;Kirjalik teade&nbsp;tuleb saata elektronposti aadressil info@flamingolilled.ee&nbsp;v\u00f5i helistada numbril +372&nbsp;5831 9369. E-kirja tuleb m\u00e4rkida tellimuse number, millest soovitakse taganeda ning lisada Kliendi kontaktandmed (eesnimi, perekonnanimi, tellimuse esitamise kuup\u00e4ev, kontakttelefon) ja tellimusest taganemise p\u00f5hjus.<\/li>\n\n\n\n<li>Taganemis\u00f5igus ei kohaldu, kui ostjaks on juriidiline isik.<\/li>\n\n\n\n<li>14-p\u00e4evase tagastamis\u00f5iguse kasutamiseks ei tohi tellitud kaupa kasutada muul viisil kui on vajalik kauba olemuses, omadustes ja toimimises veendumiseks viisil nagu see on lubatud kauba testimiseks f\u00fc\u00fcsilises poes.<\/li>\n\n\n\n<li>Kui kaupa on kasutatud muuks otstarbeks kui on vajalik kauba olemuses, omadustes ja toimimises veendumiseks v\u00f5i sellel on kasutamise v\u00f5i kulumise m\u00e4rke, on Veebipoel \u00f5igus alandada tagastatavat tasu vastavalt kauba v\u00e4\u00e4rtuse v\u00e4henemisele.<\/li>\n\n\n\n<li>Kauba tagastamiseks tuleb esitada kauba ostmisest taganemise avaldus e-mailile info@flamingolilled.ee hiljemalt 14 p\u00e4eva jooksul kauba k\u00e4ttesaamisest.<\/li>\n\n\n\n<li>Kauba tagastamise kulud kannab ostja, v\u00e4lja arvatud juhul, kui tagastamise p\u00f5hjus seisneb asjaolus, et tagastamisele kuuluv asi ei vasta tellitule (nt vale v\u00f5i defektiga asi).<\/li>\n\n\n\n<li>Ostja peab kauba tagastama avalduse esitamisele j\u00e4rgneva 14 p\u00e4eva jooksul v\u00f5i esitama t\u00f5endi, et ta on eelnimetatud perioodi jooksul kauba \u00fcle andnud kauba vedajale.<\/li>\n\n\n\n<li>Veebipood tagastab tagastatava kauba k\u00e4ttesaamisel ostjale viivitamata, kuid mitte hiljem kui 14 p\u00e4eva m\u00f6\u00f6dumisel arvates taganemisavalduse saamisest, k\u00f5ik ostjalt lepingu alusel saadud tasud.<\/li>\n\n\n\n<li>Veebipood v\u00f5ib keelduda tagasimaksete tegemisest seni, kuni on lepingu esemeks oleva asja tagasi saanud v\u00f5i kuni ostja on esitanud t\u00f5endid, et on asja tagasi saatnud, s\u00f5ltuvalt sellest, kumb toimub varem.<\/li>\n\n\n\n<li>Kui ostja on s\u00f5naselgelt valinud Veebipoe pakutud k\u00f5ige odavamast tavap\u00e4rasest asja k\u00e4ttetoimetamise viisist erineva k\u00e4ttetoimetamise viisi, ei pea Veebipood tarbijale tagastama kulu, mis \u00fcletab tavap\u00e4rase k\u00e4ttetoimetamise viisiga seotud kulu.<\/li>\n\n\n\n<li>Veebipoel on \u00f5igus taganeda m\u00fc\u00fcgitehingust ning n\u00f5uda ostjalt tagasi kaup, kui kauba hind veebipoes on eksituse t\u00f5ttu m\u00e4rgitud oluliselt alla kauba turuhinna.<\/li>\n<\/ul>\n\n\n\n<p><strong>Pretensiooni esitamise <\/strong><strong>\u00f5<\/strong><strong>igus<\/strong><\/p>\n\n\n\n<ul class=\"wp-block-list\">\n<li>Veebipood vastutab ostjale m\u00fc\u00fcdud kauba lepingutingimustele mittevastavuse v\u00f5i puuduse eest, mis oli olemas juba asja \u00fcleandmise hetkel ning mis ilmneb kuni kahe aasta jooksul alates kauba \u00fcleandmisest ostjale. Sellest esimese kuue kuu jooksul asja \u00fcleandmisest ostjale eeldatakse, et puudus oli olemas juba asja \u00fcleandmise ajal. Vastava eelduse \u00fcmberl\u00fckkamine on Veebipoe kohustus.<\/li>\n\n\n\n<li>Ostjal on \u00f5igus puuduse ilmnemisel p\u00f6\u00f6rduda hiljemalt kahe kuu jooksul veebipoe poole, saates e-kirja aadressile info@flamingolilled.ee v\u00f5i helistada telefonil +372 5831 9369.<\/li>\n\n\n\n<li>Veebipood ei vastuta puuduste eest, mis on tekkinud p\u00e4rast kauba \u00fcleandmist ostjale.<\/li>\n\n\n\n<li>Kui Veebipoest ostetud kaubal on puudused, mille eest Veebipood vastutab, parandab v\u00f5iasendab Veebipood puudusega kauba. Kui kaupa ei ole v\u00f5imalik parandada ega asendada, tagastab Veebipood ostjale k\u00f5ik m\u00fc\u00fcgilepinguga kaasnenud tasud.<\/li>\n\n\n\n<li>Veebipood vastab tarbija esitatud kaebusele kirjalikult v\u00f5i kirjalikku taasesitamist v\u00f5imaldavas vormis 15 p\u00e4eva jooksul.<\/li>\n<\/ul>\n\n\n\n<p><strong>Otseturustus ja isikuandmete t\u00f6\u00f6tlemine<\/strong><\/p>\n\n\n\n<ul class=\"wp-block-list\">\n<li>Veebipood kasutab ostja poolt sisestatud isikuandmeid (sh nimi, telefoninumber, aadress, e-mailiaadress, pangarekvisiidid) ainult tellimuse t\u00f6\u00f6tlemiseks ning kauba ostjale saatmiseks. Veebipood edastab isikuandmeid veoteenust pakkuvale ettev\u00f5tetele selleks, et kohale toimetada kaupa.<\/li>\n\n\n\n<li>Veebipood saadab ostjale uudiskirju ning pakkumisi ostja e-maili aadressile ainult juhul, kui ostja on selleks avaldanud soovi sisestades veebilehel e-kirja aadressi ning andnud teada oma soovist otsepostituse teadete saamiseks.<\/li>\n\n\n\n<li>Ostjal on igal ajal v\u00f5imalik loobuda e-postile saadetavatest pakkumistest ja uudiskirjadest andes sellest meile teada e-kirja teel v\u00f5i j\u00e4rgides pakkumisi sisaldava e-kirjas toodud juhiseid.<\/li>\n\n\n\n<li>Maidro O\u00dc on isikuandmete vastutav t\u00f6\u00f6tleja ja edastab maksete teostamiseks vajalikud isikuandmed volitatud t\u00f6\u00f6tleja Maksekeskus AS-le.<\/li>\n<\/ul>\n\n\n\n<p><strong>Vaidluste lahendamine<\/strong><\/p>\n\n\n\n<ul class=\"wp-block-list\">\n<li>Kui ostjal on Veebipoe osas pretensioone, tuleb need saata e-kirja aadressile info@flamingolilled.ee v\u00f5i helistada telefonil +372 5831 9369.<\/li>\n\n\n\n<li>Kui ostja ja Veebipood ei suuda lahenda vaidlust kokkuleppe teel, siis on ostjal v\u00f5imalik p\u00f6\u00f6rduda Tarbijavaidluste komisjoni poole. Menetlustingimustega saab tutvuda ning avaldust esitada j\u00e4rgneval lingil:&nbsp;<a href=\"https:\/\/www.tarbijakaitseamet.ee\/et\/tarbijale\/kaebuse-esitamine\">https:\/\/www.tarbijakaitseamet.ee\/et\/tarbijale\/kaebuse-esitamine<\/a>.<\/li>\n\n\n\n<li>Tarbijavaidluste komisjoni p\u00e4devuses on lahendada ostja ja Veebipoe vahel s\u00f5lmitud lepingust tulenevaid vaidlusi. Ostja kaebuse l\u00e4bivaatamine komisjonis on Ostja jaoks tasuta.<\/li>\n\n\n\n<li>Ostja v\u00f5ib p\u00f6\u00f6rduda Euroopa Liidu tarbijavaidlusi lahendava platvormi poole.<\/li>\n<\/ul>","protected":false},"excerpt":{"rendered":"<p>Veebipoe flamingolilled.ee omanik (edaspidi viidatud kui Veebipood) on Maidro O\u00dc.Registrikood: 10629549, asukoht: Aasa 1, P\u00f5lva, Eesti 63304, kontaktinfo:&nbsp;info@flamingolilled.ee, telefon&nbsp;+372 5831 9369. M\u00fc\u00fcgilepingu kehtivus, kauba- ja hinnainfo Tellimuse vormistamine Kohaletoimetamine Taganemis\u00f5igus Pretensiooni esitamise \u00f5igus Otseturustus ja isikuandmete t\u00f6\u00f6tlemine Vaidluste lahendamine<\/p>","protected":false},"author":3,"featured_media":0,"parent":0,"menu_order":0,"comment_status":"closed","ping_status":"closed","template":"","meta":{"footnotes":""},"class_list":["post-490","page","type-page","status-publish","hentry"],"yoast_head":"<!-- This site is optimized with the Yoast SEO plugin v25.3.1 - https:\/\/yoast.com\/wordpress\/plugins\/seo\/ -->\n<title>\u00dcldtingimused - Flamingo Lillepood<\/title>\n<meta name=\"robots\" content=\"index, follow, max-snippet:-1, max-image-preview:large, max-video-preview:-1\" \/>\n<link rel=\"canonical\" href=\"https:\/\/flamingolilled.ee\/en\/uldtingimused\/\" \/>\n<meta property=\"og:locale\" content=\"en_GB\" \/>\n<meta property=\"og:type\" content=\"article\" \/>\n<meta property=\"og:title\" content=\"\u00dcldtingimused - Flamingo Lillepood\" \/>\n<meta property=\"og:description\" content=\"Veebipoe flamingolilled.ee omanik (edaspidi viidatud kui Veebipood) on Maidro O\u00dc.Registrikood: 10629549, asukoht: Aasa 1, P\u00f5lva, Eesti 63304, kontaktinfo:&nbsp;info@flamingolilled.ee, telefon&nbsp;+372 5831 9369. M\u00fc\u00fcgilepingu kehtivus, kauba- ja hinnainfo Tellimuse vormistamine Kohaletoimetamine Taganemis\u00f5igus Pretensiooni esitamise \u00f5igus Otseturustus ja isikuandmete t\u00f6\u00f6tlemine Vaidluste lahendamine\" \/>\n<meta property=\"og:url\" content=\"https:\/\/flamingolilled.ee\/en\/uldtingimused\/\" \/>\n<meta property=\"og:site_name\" content=\"Flamingo Lillepood\" \/>\n<meta property=\"article:publisher\" content=\"https:\/\/www.facebook.com\/flamingolilled\" \/>\n<meta property=\"article:modified_time\" content=\"2024-02-27T20:32:32+00:00\" \/>\n<meta property=\"og:image\" content=\"https:\/\/flamingolilled.ee\/wp-content\/uploads\/2024\/01\/logo.png\" \/>\n\t<meta property=\"og:image:width\" content=\"542\" \/>\n\t<meta property=\"og:image:height\" content=\"257\" \/>\n\t<meta property=\"og:image:type\" content=\"image\/png\" \/>\n<meta name=\"twitter:card\" content=\"summary_large_image\" \/>\n<meta name=\"twitter:label1\" content=\"Estimated reading time\" \/>\n\t<meta name=\"twitter:data1\" content=\"6 minutes\" \/>\n<script type=\"application\/ld+json\" class=\"yoast-schema-graph\">{\"@context\":\"https:\/\/schema.org\",\"@graph\":[{\"@type\":\"WebPage\",\"@id\":\"https:\/\/flamingolilled.ee\/uldtingimused\/\",\"url\":\"https:\/\/flamingolilled.ee\/uldtingimused\/\",\"name\":\"\u00dcldtingimused - Flamingo Lillepood\",\"isPartOf\":{\"@id\":\"https:\/\/flamingolilled.ee\/#website\"},\"datePublished\":\"2024-02-09T12:49:54+00:00\",\"dateModified\":\"2024-02-27T20:32:32+00:00\",\"breadcrumb\":{\"@id\":\"https:\/\/flamingolilled.ee\/uldtingimused\/#breadcrumb\"},\"inLanguage\":\"en-GB\",\"potentialAction\":[{\"@type\":\"ReadAction\",\"target\":[\"https:\/\/flamingolilled.ee\/uldtingimused\/\"]}]},{\"@type\":\"BreadcrumbList\",\"@id\":\"https:\/\/flamingolilled.ee\/uldtingimused\/#breadcrumb\",\"itemListElement\":[{\"@type\":\"ListItem\",\"position\":1,\"name\":\"Home\",\"item\":\"https:\/\/flamingolilled.ee\/\"},{\"@type\":\"ListItem\",\"position\":2,\"name\":\"\u00dcldtingimused\"}]},{\"@type\":\"WebSite\",\"@id\":\"https:\/\/flamingolilled.ee\/#website\",\"url\":\"https:\/\/flamingolilled.ee\/\",\"name\":\"Flamingo Lillepood\",\"description\":\"P\u00f5lva ilusamad lilled\",\"publisher\":{\"@id\":\"https:\/\/flamingolilled.ee\/#organization\"},\"potentialAction\":[{\"@type\":\"SearchAction\",\"target\":{\"@type\":\"EntryPoint\",\"urlTemplate\":\"https:\/\/flamingolilled.ee\/?s={search_term_string}\"},\"query-input\":{\"@type\":\"PropertyValueSpecification\",\"valueRequired\":true,\"valueName\":\"search_term_string\"}}],\"inLanguage\":\"en-GB\"},{\"@type\":\"Organization\",\"@id\":\"https:\/\/flamingolilled.ee\/#organization\",\"name\":\"Maidro O\u00dc\",\"alternateName\":\"Flamingi Lillepood\",\"url\":\"https:\/\/flamingolilled.ee\/\",\"logo\":{\"@type\":\"ImageObject\",\"inLanguage\":\"en-GB\",\"@id\":\"https:\/\/flamingolilled.ee\/#\/schema\/logo\/image\/\",\"url\":\"https:\/\/flamingolilled.ee\/wp-content\/uploads\/2024\/01\/logo.png\",\"contentUrl\":\"https:\/\/flamingolilled.ee\/wp-content\/uploads\/2024\/01\/logo.png\",\"width\":542,\"height\":257,\"caption\":\"Maidro O\u00dc\"},\"image\":{\"@id\":\"https:\/\/flamingolilled.ee\/#\/schema\/logo\/image\/\"},\"sameAs\":[\"https:\/\/www.facebook.com\/flamingolilled\",\"https:\/\/www.instagram.com\/flamingolilled\/\"]}]}<\/script>\n<!-- \/ Yoast SEO plugin. -->","yoast_head_json":{"title":"\u00dcldtingimused - Flamingo Lillepood","robots":{"index":"index","follow":"follow","max-snippet":"max-snippet:-1","max-image-preview":"max-image-preview:large","max-video-preview":"max-video-preview:-1"},"canonical":"https:\/\/flamingolilled.ee\/en\/uldtingimused\/","og_locale":"en_GB","og_type":"article","og_title":"\u00dcldtingimused - Flamingo Lillepood","og_description":"Veebipoe flamingolilled.ee omanik (edaspidi viidatud kui Veebipood) on Maidro O\u00dc.Registrikood: 10629549, asukoht: Aasa 1, P\u00f5lva, Eesti 63304, kontaktinfo:&nbsp;info@flamingolilled.ee, telefon&nbsp;+372 5831 9369. M\u00fc\u00fcgilepingu kehtivus, kauba- ja hinnainfo Tellimuse vormistamine Kohaletoimetamine Taganemis\u00f5igus Pretensiooni esitamise \u00f5igus Otseturustus ja isikuandmete t\u00f6\u00f6tlemine Vaidluste lahendamine","og_url":"https:\/\/flamingolilled.ee\/en\/uldtingimused\/","og_site_name":"Flamingo Lillepood","article_publisher":"https:\/\/www.facebook.com\/flamingolilled","article_modified_time":"2024-02-27T20:32:32+00:00","og_image":[{"width":542,"height":257,"url":"https:\/\/flamingolilled.ee\/wp-content\/uploads\/2024\/01\/logo.png","type":"image\/png"}],"twitter_card":"summary_large_image","twitter_misc":{"Estimated reading time":"6 minutes"},"schema":{"@context":"https:\/\/schema.org","@graph":[{"@type":"WebPage","@id":"https:\/\/flamingolilled.ee\/uldtingimused\/","url":"https:\/\/flamingolilled.ee\/uldtingimused\/","name":"\u00dcldtingimused - Flamingo Lillepood","isPartOf":{"@id":"https:\/\/flamingolilled.ee\/#website"},"datePublished":"2024-02-09T12:49:54+00:00","dateModified":"2024-02-27T20:32:32+00:00","breadcrumb":{"@id":"https:\/\/flamingolilled.ee\/uldtingimused\/#breadcrumb"},"inLanguage":"en-GB","potentialAction":[{"@type":"ReadAction","target":["https:\/\/flamingolilled.ee\/uldtingimused\/"]}]},{"@type":"BreadcrumbList","@id":"https:\/\/flamingolilled.ee\/uldtingimused\/#breadcrumb","itemListElement":[{"@type":"ListItem","position":1,"name":"Home","item":"https:\/\/flamingolilled.ee\/"},{"@type":"ListItem","position":2,"name":"\u00dcldtingimused"}]},{"@type":"WebSite","@id":"https:\/\/flamingolilled.ee\/#website","url":"https:\/\/flamingolilled.ee\/","name":"Flamingo Lillepood","description":"P\u00f5lva ilusamad lilled","publisher":{"@id":"https:\/\/flamingolilled.ee\/#organization"},"potentialAction":[{"@type":"SearchAction","target":{"@type":"EntryPoint","urlTemplate":"https:\/\/flamingolilled.ee\/?s={search_term_string}"},"query-input":{"@type":"PropertyValueSpecification","valueRequired":true,"valueName":"search_term_string"}}],"inLanguage":"en-GB"},{"@type":"Organization","@id":"https:\/\/flamingolilled.ee\/#organization","name":"Maidro O\u00dc","alternateName":"Flamingi Lillepood","url":"https:\/\/flamingolilled.ee\/","logo":{"@type":"ImageObject","inLanguage":"en-GB","@id":"https:\/\/flamingolilled.ee\/#\/schema\/logo\/image\/","url":"https:\/\/flamingolilled.ee\/wp-content\/uploads\/2024\/01\/logo.png","contentUrl":"https:\/\/flamingolilled.ee\/wp-content\/uploads\/2024\/01\/logo.png","width":542,"height":257,"caption":"Maidro O\u00dc"},"image":{"@id":"https:\/\/flamingolilled.ee\/#\/schema\/logo\/image\/"},"sameAs":["https:\/\/www.facebook.com\/flamingolilled","https:\/\/www.instagram.com\/flamingolilled\/"]}]}},"jetpack_sharing_enabled":true,"_links":{"self":[{"href":"https:\/\/flamingolilled.ee\/en\/wp-json\/wp\/v2\/pages\/490","targetHints":{"allow":["GET"]}}],"collection":[{"href":"https:\/\/flamingolilled.ee\/en\/wp-json\/wp\/v2\/pages"}],"about":[{"href":"https:\/\/flamingolilled.ee\/en\/wp-json\/wp\/v2\/types\/page"}],"author":[{"embeddable":true,"href":"https:\/\/flamingolilled.ee\/en\/wp-json\/wp\/v2\/users\/3"}],"replies":[{"embeddable":true,"href":"https:\/\/flamingolilled.ee\/en\/wp-json\/wp\/v2\/comments?post=490"}],"version-history":[{"count":5,"href":"https:\/\/flamingolilled.ee\/en\/wp-json\/wp\/v2\/pages\/490\/revisions"}],"predecessor-version":[{"id":973,"href":"https:\/\/flamingolilled.ee\/en\/wp-json\/wp\/v2\/pages\/490\/revisions\/973"}],"wp:attachment":[{"href":"https:\/\/flamingolilled.ee\/en\/wp-json\/wp\/v2\/media?parent=490"}],"curies":[{"name":"wp","href":"https:\/\/api.w.org\/{rel}","templated":true}]}}