{"id":924,"date":"2024-02-22T15:46:20","date_gmt":"2024-02-22T13:46:20","guid":{"rendered":"https:\/\/flamingolilled.ee\/?page_id=924"},"modified":"2025-06-20T15:18:05","modified_gmt":"2025-06-20T12:18:05","slug":"lillekuller","status":"publish","type":"page","link":"https:\/\/flamingolilled.ee\/en\/lillekuller\/","title":{"rendered":"Flower courier"},"content":{"rendered":"<p>Pakume lillede kohaletoimetamist j\u00e4rgmistes piirkondades:<\/p>\n\n\n\n<p><strong>Kullerteenuse hind s\u00f5ltub piirkonnast<\/strong>. Hinda kuvatakse peale postiindeksi sisestamist kassas vastavalt piirkonnale.<\/p>\n\n\n\n<p><strong>P\u00f5lva linn ja l\u00e4hi\u00fcmbrus: 7 eur<\/strong><br>P\u00f5lva linn<br>Mammaste<br>Oraj\u00f5e<br>Puuri<br>Rosma<br>Soesaare<br>T\u00e4nnassilma<br>Himmaste<\/p>\n\n\n\n<p><strong>P\u00f5lva l\u00e4hi\u00fcmbrus: 10 eur<br><\/strong>Aarna<br>Adiste<br>Andre<br>Eoste<br>Kiuma<br>K\u00e4hri <br>Meemaste<br>Metste<br>Miiaste<br>Peri <br>Vanak\u00fcla <br>Tilsi<br>Himma<br>Vardja<br>Vana-Koiola<br>Mustaj\u00f5e<br>Naruski<br>Pragi<\/p>\n\n\n\n<p><strong>P\u00f5lvast natuke kaugemale: 15 eur<\/strong><br>Leevaku<br>Himmiste<br>Soohara<br>Viira<br>Kauksi<br>Vastse-Kuuste<br>kiidj\u00e4rve<br>Kiisa<br>Holvandi<br>Koorvere<br>Lutsu<br>Partsi<br>Pragi<br>Puskaru<br>Taevaskoja<br>Uibuj\u00e4rve<br>Valgemetsa<br>Valgesoo<br>Tromsi<br>P\u00f5lgaste<br>Ihamaru<br>Hurmi<br>Ahja<br>Akste<br>K\u00e4rsa<br>Mooste<br>Lahe<br>Karilatsi<br>Kanepi<br>Varbuse<br>Saverna<br>Krootuse<br>Valgj\u00e4rve<br>Piigaste<br>Piigandi<br>Erastvere<br>Nooritsmetsa<br>Leevij\u00f5e<br>Jaanim\u00f5isa<br>Kanassaare<br>S\u00fcvahavva<br>Timo<br>Vareste<br>R\u00e4pina Linn<br>Viluste<br>Veriora<br>Joosu<br>Sarvem\u00e4e<br>S\u00e4\u00e4ssaare<br>Suurk\u00fcla<br>Loko<br>Mustakurmu<br>Padari<br><br><strong>Kaugemad paigad: 20eur<\/strong><br>Leevi<br>Haavap\u00e4\u00e4<br>Voorek\u00fcla<br>J\u00f5evaara<br>J\u00f5eveere<br>Kikka<br>Kirmsi<br>Koolma<br>Koolmaj\u00e4rve<br>Laho<br>Verioram\u00f5isa<br>Lootvina<br>M\u00f5tsk\u00fcla<br>Rasina<br>Suurmetsa<br>S\u00e4kna<br>Kooraste<br>Terepi<br>J\u00f5ksi<br>Vanam\u00f5isa<br>Viisli<\/p>\n\n\n\n<p><strong>Tartu linn 10\u20ac<\/strong><\/p>","protected":false},"excerpt":{"rendered":"<p>Pakume lillede kohaletoimetamist j\u00e4rgmistes piirkondades: Kullerteenuse hind s\u00f5ltub piirkonnast. Hinda kuvatakse peale postiindeksi sisestamist kassas vastavalt piirkonnale. P\u00f5lva linn ja l\u00e4hi\u00fcmbrus: 7 eurP\u00f5lva linnMammasteOraj\u00f5ePuuriRosmaSoesaareT\u00e4nnassilmaHimmaste P\u00f5lva l\u00e4hi\u00fcmbrus: 10 eurAarnaAdisteAndreEosteKiumaK\u00e4hri MeemasteMetsteMiiastePeri Vanak\u00fcla TilsiHimmaVardjaVana-KoiolaMustaj\u00f5eNaruskiPragi P\u00f5lvast natuke kaugemale: 15 eurLeevakuHimmisteSooharaViiraKauksiVastse-Kuustekiidj\u00e4rveKiisaHolvandiKoorvereLutsuPartsiPragiPuskaruTaevaskojaUibuj\u00e4rveValgemetsaValgesooTromsiP\u00f5lgasteIhamaruHurmiAhjaAksteK\u00e4rsaMoosteLaheKarilatsiKanepiVarbuseSavernaKrootuseValgj\u00e4rvePiigastePiigandiErastvereNooritsmetsaLeevij\u00f5eJaanim\u00f5isaKanassaareS\u00fcvahavvaTimoVaresteR\u00e4pina LinnVilusteVerioraJoosuSarvem\u00e4eS\u00e4\u00e4ssaareSuurk\u00fclaLokoMustakurmuPadari Kaugemad paigad: 20eurLeeviHaavap\u00e4\u00e4Voorek\u00fclaJ\u00f5evaaraJ\u00f5eveereKikkaKirmsiKoolmaKoolmaj\u00e4rveLahoVerioram\u00f5isaLootvinaM\u00f5tsk\u00fclaRasinaSuurmetsaS\u00e4knaKoorasteTerepiJ\u00f5ksiVanam\u00f5isaViisli Tartu linn 10\u20ac<\/p>","protected":false},"author":3,"featured_media":0,"parent":0,"menu_order":0,"comment_status":"closed","ping_status":"closed","template":"","meta":{"footnotes":""},"class_list":["post-924","page","type-page","status-publish","hentry"],"yoast_head":"<!-- This site is optimized with the Yoast SEO plugin v25.3.1 - https:\/\/yoast.com\/wordpress\/plugins\/seo\/ -->\n<title>Lillekuller P\u00f5lvas ja P\u00f5lvamaal - Flamingo Lillepood<\/title>\n<meta name=\"description\" content=\"Saada lilled kulleriga P\u00f5lva linnas ja P\u00f5lvamaal. Meie lillekuller viib muretult ja kiirelt lilled \u00f5igeaegselt kohale.\" \/>\n<meta name=\"robots\" content=\"index, follow, max-snippet:-1, max-image-preview:large, max-video-preview:-1\" \/>\n<link rel=\"canonical\" href=\"https:\/\/flamingolilled.ee\/en\/lillekuller\/\" \/>\n<meta property=\"og:locale\" content=\"en_GB\" \/>\n<meta property=\"og:type\" content=\"article\" \/>\n<meta property=\"og:title\" content=\"Lillekuller P\u00f5lvas ja P\u00f5lvamaal - Flamingo Lillepood\" \/>\n<meta property=\"og:description\" content=\"Saada lilled kulleriga P\u00f5lva linnas ja P\u00f5lvamaal. Meie lillekuller viib muretult ja kiirelt lilled \u00f5igeaegselt kohale.\" \/>\n<meta property=\"og:url\" content=\"https:\/\/flamingolilled.ee\/en\/lillekuller\/\" \/>\n<meta property=\"og:site_name\" content=\"Flamingo Lillepood\" \/>\n<meta property=\"article:publisher\" content=\"https:\/\/www.facebook.com\/flamingolilled\" \/>\n<meta property=\"article:modified_time\" content=\"2025-06-20T12:18:05+00:00\" \/>\n<meta property=\"og:image\" content=\"https:\/\/flamingolilled.ee\/wp-content\/uploads\/2024\/01\/logo.png\" \/>\n\t<meta property=\"og:image:width\" content=\"542\" \/>\n\t<meta property=\"og:image:height\" content=\"257\" \/>\n\t<meta property=\"og:image:type\" content=\"image\/png\" \/>\n<meta name=\"twitter:card\" content=\"summary_large_image\" \/>\n<meta name=\"twitter:label1\" content=\"Estimated reading time\" \/>\n\t<meta name=\"twitter:data1\" content=\"1 minute\" \/>\n<script type=\"application\/ld+json\" class=\"yoast-schema-graph\">{\"@context\":\"https:\/\/schema.org\",\"@graph\":[{\"@type\":\"WebPage\",\"@id\":\"https:\/\/flamingolilled.ee\/lillekuller\/\",\"url\":\"https:\/\/flamingolilled.ee\/lillekuller\/\",\"name\":\"Lillekuller P\u00f5lvas ja P\u00f5lvamaal - Flamingo Lillepood\",\"isPartOf\":{\"@id\":\"https:\/\/flamingolilled.ee\/#website\"},\"datePublished\":\"2024-02-22T13:46:20+00:00\",\"dateModified\":\"2025-06-20T12:18:05+00:00\",\"description\":\"Saada lilled kulleriga P\u00f5lva linnas ja P\u00f5lvamaal. Meie lillekuller viib muretult ja kiirelt lilled \u00f5igeaegselt kohale.\",\"breadcrumb\":{\"@id\":\"https:\/\/flamingolilled.ee\/lillekuller\/#breadcrumb\"},\"inLanguage\":\"en-GB\",\"potentialAction\":[{\"@type\":\"ReadAction\",\"target\":[\"https:\/\/flamingolilled.ee\/lillekuller\/\"]}]},{\"@type\":\"BreadcrumbList\",\"@id\":\"https:\/\/flamingolilled.ee\/lillekuller\/#breadcrumb\",\"itemListElement\":[{\"@type\":\"ListItem\",\"position\":1,\"name\":\"Home\",\"item\":\"https:\/\/flamingolilled.ee\/\"},{\"@type\":\"ListItem\",\"position\":2,\"name\":\"Lillekuller\"}]},{\"@type\":\"WebSite\",\"@id\":\"https:\/\/flamingolilled.ee\/#website\",\"url\":\"https:\/\/flamingolilled.ee\/\",\"name\":\"Flamingo Lillepood\",\"description\":\"P\u00f5lva ilusamad lilled\",\"publisher\":{\"@id\":\"https:\/\/flamingolilled.ee\/#organization\"},\"potentialAction\":[{\"@type\":\"SearchAction\",\"target\":{\"@type\":\"EntryPoint\",\"urlTemplate\":\"https:\/\/flamingolilled.ee\/?s={search_term_string}\"},\"query-input\":{\"@type\":\"PropertyValueSpecification\",\"valueRequired\":true,\"valueName\":\"search_term_string\"}}],\"inLanguage\":\"en-GB\"},{\"@type\":\"Organization\",\"@id\":\"https:\/\/flamingolilled.ee\/#organization\",\"name\":\"Maidro O\u00dc\",\"alternateName\":\"Flamingi Lillepood\",\"url\":\"https:\/\/flamingolilled.ee\/\",\"logo\":{\"@type\":\"ImageObject\",\"inLanguage\":\"en-GB\",\"@id\":\"https:\/\/flamingolilled.ee\/#\/schema\/logo\/image\/\",\"url\":\"https:\/\/flamingolilled.ee\/wp-content\/uploads\/2024\/01\/logo.png\",\"contentUrl\":\"https:\/\/flamingolilled.ee\/wp-content\/uploads\/2024\/01\/logo.png\",\"width\":542,\"height\":257,\"caption\":\"Maidro O\u00dc\"},\"image\":{\"@id\":\"https:\/\/flamingolilled.ee\/#\/schema\/logo\/image\/\"},\"sameAs\":[\"https:\/\/www.facebook.com\/flamingolilled\",\"https:\/\/www.instagram.com\/flamingolilled\/\"]}]}<\/script>\n<!-- \/ Yoast SEO plugin. -->","yoast_head_json":{"title":"Lillekuller P\u00f5lvas ja P\u00f5lvamaal - Flamingo Lillepood","description":"Saada lilled kulleriga P\u00f5lva linnas ja P\u00f5lvamaal. Meie lillekuller viib muretult ja kiirelt lilled \u00f5igeaegselt kohale.","robots":{"index":"index","follow":"follow","max-snippet":"max-snippet:-1","max-image-preview":"max-image-preview:large","max-video-preview":"max-video-preview:-1"},"canonical":"https:\/\/flamingolilled.ee\/en\/lillekuller\/","og_locale":"en_GB","og_type":"article","og_title":"Lillekuller P\u00f5lvas ja P\u00f5lvamaal - Flamingo Lillepood","og_description":"Saada lilled kulleriga P\u00f5lva linnas ja P\u00f5lvamaal. Meie lillekuller viib muretult ja kiirelt lilled \u00f5igeaegselt kohale.","og_url":"https:\/\/flamingolilled.ee\/en\/lillekuller\/","og_site_name":"Flamingo Lillepood","article_publisher":"https:\/\/www.facebook.com\/flamingolilled","article_modified_time":"2025-06-20T12:18:05+00:00","og_image":[{"width":542,"height":257,"url":"https:\/\/flamingolilled.ee\/wp-content\/uploads\/2024\/01\/logo.png","type":"image\/png"}],"twitter_card":"summary_large_image","twitter_misc":{"Estimated reading time":"1 minute"},"schema":{"@context":"https:\/\/schema.org","@graph":[{"@type":"WebPage","@id":"https:\/\/flamingolilled.ee\/lillekuller\/","url":"https:\/\/flamingolilled.ee\/lillekuller\/","name":"Lillekuller P\u00f5lvas ja P\u00f5lvamaal - Flamingo Lillepood","isPartOf":{"@id":"https:\/\/flamingolilled.ee\/#website"},"datePublished":"2024-02-22T13:46:20+00:00","dateModified":"2025-06-20T12:18:05+00:00","description":"Saada lilled kulleriga P\u00f5lva linnas ja P\u00f5lvamaal. Meie lillekuller viib muretult ja kiirelt lilled \u00f5igeaegselt kohale.","breadcrumb":{"@id":"https:\/\/flamingolilled.ee\/lillekuller\/#breadcrumb"},"inLanguage":"en-GB","potentialAction":[{"@type":"ReadAction","target":["https:\/\/flamingolilled.ee\/lillekuller\/"]}]},{"@type":"BreadcrumbList","@id":"https:\/\/flamingolilled.ee\/lillekuller\/#breadcrumb","itemListElement":[{"@type":"ListItem","position":1,"name":"Home","item":"https:\/\/flamingolilled.ee\/"},{"@type":"ListItem","position":2,"name":"Lillekuller"}]},{"@type":"WebSite","@id":"https:\/\/flamingolilled.ee\/#website","url":"https:\/\/flamingolilled.ee\/","name":"Flamingo Lillepood","description":"P\u00f5lva ilusamad lilled","publisher":{"@id":"https:\/\/flamingolilled.ee\/#organization"},"potentialAction":[{"@type":"SearchAction","target":{"@type":"EntryPoint","urlTemplate":"https:\/\/flamingolilled.ee\/?s={search_term_string}"},"query-input":{"@type":"PropertyValueSpecification","valueRequired":true,"valueName":"search_term_string"}}],"inLanguage":"en-GB"},{"@type":"Organization","@id":"https:\/\/flamingolilled.ee\/#organization","name":"Maidro O\u00dc","alternateName":"Flamingi Lillepood","url":"https:\/\/flamingolilled.ee\/","logo":{"@type":"ImageObject","inLanguage":"en-GB","@id":"https:\/\/flamingolilled.ee\/#\/schema\/logo\/image\/","url":"https:\/\/flamingolilled.ee\/wp-content\/uploads\/2024\/01\/logo.png","contentUrl":"https:\/\/flamingolilled.ee\/wp-content\/uploads\/2024\/01\/logo.png","width":542,"height":257,"caption":"Maidro O\u00dc"},"image":{"@id":"https:\/\/flamingolilled.ee\/#\/schema\/logo\/image\/"},"sameAs":["https:\/\/www.facebook.com\/flamingolilled","https:\/\/www.instagram.com\/flamingolilled\/"]}]}},"jetpack_sharing_enabled":true,"_links":{"self":[{"href":"https:\/\/flamingolilled.ee\/en\/wp-json\/wp\/v2\/pages\/924","targetHints":{"allow":["GET"]}}],"collection":[{"href":"https:\/\/flamingolilled.ee\/en\/wp-json\/wp\/v2\/pages"}],"about":[{"href":"https:\/\/flamingolilled.ee\/en\/wp-json\/wp\/v2\/types\/page"}],"author":[{"embeddable":true,"href":"https:\/\/flamingolilled.ee\/en\/wp-json\/wp\/v2\/users\/3"}],"replies":[{"embeddable":true,"href":"https:\/\/flamingolilled.ee\/en\/wp-json\/wp\/v2\/comments?post=924"}],"version-history":[{"count":5,"href":"https:\/\/flamingolilled.ee\/en\/wp-json\/wp\/v2\/pages\/924\/revisions"}],"predecessor-version":[{"id":1316,"href":"https:\/\/flamingolilled.ee\/en\/wp-json\/wp\/v2\/pages\/924\/revisions\/1316"}],"wp:attachment":[{"href":"https:\/\/flamingolilled.ee\/en\/wp-json\/wp\/v2\/media?parent=924"}],"curies":[{"name":"wp","href":"https:\/\/api.w.org\/{rel}","templated":true}]}}