{"id":1012,"date":"2024-03-05T21:23:55","date_gmt":"2024-03-05T19:23:55","guid":{"rendered":"https:\/\/flamingolilled.ee\/?post_type=product&#038;p=1012"},"modified":"2024-03-05T23:11:13","modified_gmt":"2024-03-05T21:11:13","slug":"sade","status":"publish","type":"product","link":"https:\/\/flamingolilled.ee\/en\/product\/sade\/","title":{"rendered":"S\u00e4de"},"content":{"rendered":"<p>Tulenevalt lillede erip\u00e4rast on iga lillekimp unikaalne ning tootepildid illustratiivsed ja v\u00f5ivad erineda tegelikust tootest. Toote erisused tootepiltidest on p\u00f5hjustatud hooajalisusest, lillekasvatajate poolt loodud kasvutingimustest ja\/v\u00f5i sordi erip\u00e4radest l\u00e4htuvalt.<\/p>\n<p>&nbsp;<\/p>\n<p>&nbsp;<\/p>","protected":false},"excerpt":{"rendered":"<p>Iga lillekimp valmib suure hoole ja armastusega. Antud lillekimp koosneb gerberatest, kr\u00fcsanteemidest, liiliatest ning kimburohelisest.<\/p>\n<p>M\u00f5ne toote puudumisel asendame pildil n\u00e4idatud lilled teiste sama liiki v\u00f5i sarnast v\u00e4rvi lilledega, tagades seejuures ligil\u00e4hedaselt sarnase v\u00e4limusega lillekimbu.<\/p>\n<p>Sulle meeldib see kimp, kuid sooviksid teist v\u00e4rvi?<br \/>\nKirjuta meile tellimust tehes m\u00e4rkuste lahtrisse oma v\u00e4rvi eelistus.<\/p>\n<p>Iga tellimusega on v\u00f5imalik saata personaalse s\u00f5numiga kimbukaart TASUTA!<\/p>\n<p>Kirjuta oma s\u00f5num ostukorvis.<\/p>","protected":false},"featured_media":1013,"comment_status":"closed","ping_status":"closed","template":"","meta":[],"product_brand":[],"product_cat":[18],"product_tag":[39],"class_list":{"0":"post-1012","1":"product","2":"type-product","3":"status-publish","4":"has-post-thumbnail","6":"product_cat-lillekimbud","7":"product_tag-lillekimbud","9":"first","10":"instock","11":"shipping-taxable","12":"purchasable","13":"product-type-simple"},"yoast_head":"<!-- This site is optimized with the Yoast SEO plugin v25.3.1 - https:\/\/yoast.com\/wordpress\/plugins\/seo\/ -->\n<title>S\u00e4de - Flamingo Lillepood<\/title>\n<meta name=\"robots\" content=\"index, follow, max-snippet:-1, max-image-preview:large, max-video-preview:-1\" \/>\n<link rel=\"canonical\" href=\"https:\/\/flamingolilled.ee\/en\/product\/sade\/\" \/>\n<meta property=\"og:locale\" content=\"en_GB\" \/>\n<meta property=\"og:type\" content=\"article\" \/>\n<meta property=\"og:title\" content=\"S\u00e4de - Flamingo Lillepood\" \/>\n<meta property=\"og:description\" content=\"Iga lillekimp valmib suure hoole ja armastusega. Antud lillekimp koosneb gerberatest, kr\u00fcsanteemidest, liiliatest ning kimburohelisest.  M\u00f5ne toote puudumisel asendame pildil n\u00e4idatud lilled teiste sama liiki v\u00f5i sarnast v\u00e4rvi lilledega, tagades seejuures ligil\u00e4hedaselt sarnase v\u00e4limusega lillekimbu.  Sulle meeldib see kimp, kuid sooviksid teist v\u00e4rvi? Kirjuta meile tellimust tehes m\u00e4rkuste lahtrisse oma v\u00e4rvi eelistus.  Iga tellimusega on v\u00f5imalik saata personaalse s\u00f5numiga kimbukaart TASUTA!  Kirjuta oma s\u00f5num ostukorvis.\" \/>\n<meta property=\"og:url\" content=\"https:\/\/flamingolilled.ee\/en\/product\/sade\/\" \/>\n<meta property=\"og:site_name\" content=\"Flamingo Lillepood\" \/>\n<meta property=\"article:publisher\" content=\"https:\/\/www.facebook.com\/flamingolilled\" \/>\n<meta property=\"article:modified_time\" content=\"2024-03-05T21:11:13+00:00\" \/>\n<meta property=\"og:image\" content=\"https:\/\/flamingolilled.ee\/wp-content\/uploads\/2024\/03\/FullSizeRender-16-scaled.jpg\" \/>\n\t<meta property=\"og:image:width\" content=\"1920\" \/>\n\t<meta property=\"og:image:height\" content=\"2560\" \/>\n\t<meta property=\"og:image:type\" content=\"image\/jpeg\" \/>\n<meta name=\"twitter:card\" content=\"summary_large_image\" \/>\n<script type=\"application\/ld+json\" class=\"yoast-schema-graph\">{\"@context\":\"https:\/\/schema.org\",\"@graph\":[{\"@type\":\"WebPage\",\"@id\":\"https:\/\/flamingolilled.ee\/toode\/sade\/\",\"url\":\"https:\/\/flamingolilled.ee\/toode\/sade\/\",\"name\":\"S\u00e4de - Flamingo Lillepood\",\"isPartOf\":{\"@id\":\"https:\/\/flamingolilled.ee\/#website\"},\"primaryImageOfPage\":{\"@id\":\"https:\/\/flamingolilled.ee\/toode\/sade\/#primaryimage\"},\"image\":{\"@id\":\"https:\/\/flamingolilled.ee\/toode\/sade\/#primaryimage\"},\"thumbnailUrl\":\"https:\/\/flamingolilled.ee\/wp-content\/uploads\/2024\/03\/FullSizeRender-16-scaled.jpg\",\"datePublished\":\"2024-03-05T19:23:55+00:00\",\"dateModified\":\"2024-03-05T21:11:13+00:00\",\"breadcrumb\":{\"@id\":\"https:\/\/flamingolilled.ee\/toode\/sade\/#breadcrumb\"},\"inLanguage\":\"en-GB\",\"potentialAction\":[{\"@type\":\"ReadAction\",\"target\":[\"https:\/\/flamingolilled.ee\/toode\/sade\/\"]}]},{\"@type\":\"ImageObject\",\"inLanguage\":\"en-GB\",\"@id\":\"https:\/\/flamingolilled.ee\/toode\/sade\/#primaryimage\",\"url\":\"https:\/\/flamingolilled.ee\/wp-content\/uploads\/2024\/03\/FullSizeRender-16-scaled.jpg\",\"contentUrl\":\"https:\/\/flamingolilled.ee\/wp-content\/uploads\/2024\/03\/FullSizeRender-16-scaled.jpg\",\"width\":1920,\"height\":2560},{\"@type\":\"BreadcrumbList\",\"@id\":\"https:\/\/flamingolilled.ee\/toode\/sade\/#breadcrumb\",\"itemListElement\":[{\"@type\":\"ListItem\",\"position\":1,\"name\":\"Home\",\"item\":\"https:\/\/flamingolilled.ee\/\"},{\"@type\":\"ListItem\",\"position\":2,\"name\":\"Pood\",\"item\":\"https:\/\/flamingolilled.ee\/pood\/\"},{\"@type\":\"ListItem\",\"position\":3,\"name\":\"S\u00e4de\"}]},{\"@type\":\"WebSite\",\"@id\":\"https:\/\/flamingolilled.ee\/#website\",\"url\":\"https:\/\/flamingolilled.ee\/\",\"name\":\"Flamingo Lillepood\",\"description\":\"P\u00f5lva ilusamad lilled\",\"publisher\":{\"@id\":\"https:\/\/flamingolilled.ee\/#organization\"},\"potentialAction\":[{\"@type\":\"SearchAction\",\"target\":{\"@type\":\"EntryPoint\",\"urlTemplate\":\"https:\/\/flamingolilled.ee\/?s={search_term_string}\"},\"query-input\":{\"@type\":\"PropertyValueSpecification\",\"valueRequired\":true,\"valueName\":\"search_term_string\"}}],\"inLanguage\":\"en-GB\"},{\"@type\":\"Organization\",\"@id\":\"https:\/\/flamingolilled.ee\/#organization\",\"name\":\"Maidro O\u00dc\",\"alternateName\":\"Flamingi Lillepood\",\"url\":\"https:\/\/flamingolilled.ee\/\",\"logo\":{\"@type\":\"ImageObject\",\"inLanguage\":\"en-GB\",\"@id\":\"https:\/\/flamingolilled.ee\/#\/schema\/logo\/image\/\",\"url\":\"https:\/\/flamingolilled.ee\/wp-content\/uploads\/2024\/01\/logo.png\",\"contentUrl\":\"https:\/\/flamingolilled.ee\/wp-content\/uploads\/2024\/01\/logo.png\",\"width\":542,\"height\":257,\"caption\":\"Maidro O\u00dc\"},\"image\":{\"@id\":\"https:\/\/flamingolilled.ee\/#\/schema\/logo\/image\/\"},\"sameAs\":[\"https:\/\/www.facebook.com\/flamingolilled\",\"https:\/\/www.instagram.com\/flamingolilled\/\"]}]}<\/script>\n<!-- \/ Yoast SEO plugin. -->","yoast_head_json":{"title":"S\u00e4de - Flamingo Lillepood","robots":{"index":"index","follow":"follow","max-snippet":"max-snippet:-1","max-image-preview":"max-image-preview:large","max-video-preview":"max-video-preview:-1"},"canonical":"https:\/\/flamingolilled.ee\/en\/product\/sade\/","og_locale":"en_GB","og_type":"article","og_title":"S\u00e4de - Flamingo Lillepood","og_description":"Iga lillekimp valmib suure hoole ja armastusega. Antud lillekimp koosneb gerberatest, kr\u00fcsanteemidest, liiliatest ning kimburohelisest.  M\u00f5ne toote puudumisel asendame pildil n\u00e4idatud lilled teiste sama liiki v\u00f5i sarnast v\u00e4rvi lilledega, tagades seejuures ligil\u00e4hedaselt sarnase v\u00e4limusega lillekimbu.  Sulle meeldib see kimp, kuid sooviksid teist v\u00e4rvi? Kirjuta meile tellimust tehes m\u00e4rkuste lahtrisse oma v\u00e4rvi eelistus.  Iga tellimusega on v\u00f5imalik saata personaalse s\u00f5numiga kimbukaart TASUTA!  Kirjuta oma s\u00f5num ostukorvis.","og_url":"https:\/\/flamingolilled.ee\/en\/product\/sade\/","og_site_name":"Flamingo Lillepood","article_publisher":"https:\/\/www.facebook.com\/flamingolilled","article_modified_time":"2024-03-05T21:11:13+00:00","og_image":[{"width":1920,"height":2560,"url":"https:\/\/flamingolilled.ee\/wp-content\/uploads\/2024\/03\/FullSizeRender-16-scaled.jpg","type":"image\/jpeg"}],"twitter_card":"summary_large_image","schema":{"@context":"https:\/\/schema.org","@graph":[{"@type":"WebPage","@id":"https:\/\/flamingolilled.ee\/toode\/sade\/","url":"https:\/\/flamingolilled.ee\/toode\/sade\/","name":"S\u00e4de - Flamingo Lillepood","isPartOf":{"@id":"https:\/\/flamingolilled.ee\/#website"},"primaryImageOfPage":{"@id":"https:\/\/flamingolilled.ee\/toode\/sade\/#primaryimage"},"image":{"@id":"https:\/\/flamingolilled.ee\/toode\/sade\/#primaryimage"},"thumbnailUrl":"https:\/\/flamingolilled.ee\/wp-content\/uploads\/2024\/03\/FullSizeRender-16-scaled.jpg","datePublished":"2024-03-05T19:23:55+00:00","dateModified":"2024-03-05T21:11:13+00:00","breadcrumb":{"@id":"https:\/\/flamingolilled.ee\/toode\/sade\/#breadcrumb"},"inLanguage":"en-GB","potentialAction":[{"@type":"ReadAction","target":["https:\/\/flamingolilled.ee\/toode\/sade\/"]}]},{"@type":"ImageObject","inLanguage":"en-GB","@id":"https:\/\/flamingolilled.ee\/toode\/sade\/#primaryimage","url":"https:\/\/flamingolilled.ee\/wp-content\/uploads\/2024\/03\/FullSizeRender-16-scaled.jpg","contentUrl":"https:\/\/flamingolilled.ee\/wp-content\/uploads\/2024\/03\/FullSizeRender-16-scaled.jpg","width":1920,"height":2560},{"@type":"BreadcrumbList","@id":"https:\/\/flamingolilled.ee\/toode\/sade\/#breadcrumb","itemListElement":[{"@type":"ListItem","position":1,"name":"Home","item":"https:\/\/flamingolilled.ee\/"},{"@type":"ListItem","position":2,"name":"Pood","item":"https:\/\/flamingolilled.ee\/pood\/"},{"@type":"ListItem","position":3,"name":"S\u00e4de"}]},{"@type":"WebSite","@id":"https:\/\/flamingolilled.ee\/#website","url":"https:\/\/flamingolilled.ee\/","name":"Flamingo Lillepood","description":"P\u00f5lva ilusamad lilled","publisher":{"@id":"https:\/\/flamingolilled.ee\/#organization"},"potentialAction":[{"@type":"SearchAction","target":{"@type":"EntryPoint","urlTemplate":"https:\/\/flamingolilled.ee\/?s={search_term_string}"},"query-input":{"@type":"PropertyValueSpecification","valueRequired":true,"valueName":"search_term_string"}}],"inLanguage":"en-GB"},{"@type":"Organization","@id":"https:\/\/flamingolilled.ee\/#organization","name":"Maidro O\u00dc","alternateName":"Flamingi Lillepood","url":"https:\/\/flamingolilled.ee\/","logo":{"@type":"ImageObject","inLanguage":"en-GB","@id":"https:\/\/flamingolilled.ee\/#\/schema\/logo\/image\/","url":"https:\/\/flamingolilled.ee\/wp-content\/uploads\/2024\/01\/logo.png","contentUrl":"https:\/\/flamingolilled.ee\/wp-content\/uploads\/2024\/01\/logo.png","width":542,"height":257,"caption":"Maidro O\u00dc"},"image":{"@id":"https:\/\/flamingolilled.ee\/#\/schema\/logo\/image\/"},"sameAs":["https:\/\/www.facebook.com\/flamingolilled","https:\/\/www.instagram.com\/flamingolilled\/"]}]}},"jetpack_sharing_enabled":true,"_links":{"self":[{"href":"https:\/\/flamingolilled.ee\/en\/wp-json\/wp\/v2\/product\/1012","targetHints":{"allow":["GET"]}}],"collection":[{"href":"https:\/\/flamingolilled.ee\/en\/wp-json\/wp\/v2\/product"}],"about":[{"href":"https:\/\/flamingolilled.ee\/en\/wp-json\/wp\/v2\/types\/product"}],"replies":[{"embeddable":true,"href":"https:\/\/flamingolilled.ee\/en\/wp-json\/wp\/v2\/comments?post=1012"}],"wp:featuredmedia":[{"embeddable":true,"href":"https:\/\/flamingolilled.ee\/en\/wp-json\/wp\/v2\/media\/1013"}],"wp:attachment":[{"href":"https:\/\/flamingolilled.ee\/en\/wp-json\/wp\/v2\/media?parent=1012"}],"wp:term":[{"taxonomy":"product_brand","embeddable":true,"href":"https:\/\/flamingolilled.ee\/en\/wp-json\/wp\/v2\/product_brand?post=1012"},{"taxonomy":"product_cat","embeddable":true,"href":"https:\/\/flamingolilled.ee\/en\/wp-json\/wp\/v2\/product_cat?post=1012"},{"taxonomy":"product_tag","embeddable":true,"href":"https:\/\/flamingolilled.ee\/en\/wp-json\/wp\/v2\/product_tag?post=1012"}],"curies":[{"name":"wp","href":"https:\/\/api.w.org\/{rel}","templated":true}]}}