{"id":1019,"date":"2024-03-05T23:48:45","date_gmt":"2024-03-05T21:48:45","guid":{"rendered":"https:\/\/flamingolilled.ee\/?post_type=product&#038;p=1019"},"modified":"2024-03-06T10:31:39","modified_gmt":"2024-03-06T08:31:39","slug":"vahuvein-martini-asti-75-cl","status":"publish","type":"product","link":"https:\/\/flamingolilled.ee\/en\/product\/vahuvein-martini-asti-75-cl\/","title":{"rendered":"Vahuvein Martini Asti 75 cl"},"content":{"rendered":"<p><strong>T\u00e4helepanu! Tegemist on alkoholiga. Alkohol v\u00f5ib kahjustada Teie tervist!<\/strong><\/p>","protected":false},"excerpt":{"rendered":"<p>Keskmise t\u00e4idlusega poolmagus puuviljane vahuvein 7,5%.<\/p>\n<p>Toodet saab tellida ainult koos lilledega!<\/p>\n<table>\n<tbody>\n<tr>\n<th>RIIK<\/th>\n<td>\n<div class=\"tooltip-wrap\"><img decoding=\"async\" class=\"entered lazyloaded\" src=\"https:\/\/www.livikostore.ee\/wp-content\/uploads\/icons\/5abe400a9c0621770fb5b1bd29a1f2b2.png\" data-lazy-src=\"https:\/\/www.livikostore.ee\/wp-content\/uploads\/icons\/5abe400a9c0621770fb5b1bd29a1f2b2.png\" data-ll-status=\"loaded\" \/><\/div>\n<\/td>\n<\/tr>\n<tr>\n<th>TOOTJA<\/th>\n<td>Martini &amp; Rossi<\/td>\n<\/tr>\n<tr>\n<th>V\u00c4RV<\/th>\n<td>Kuldkollane<\/td>\n<\/tr>\n<tr>\n<th>VIINAMARJAD<\/th>\n<td>Moscato Bianco<\/td>\n<\/tr>\n<tr>\n<th>T\u00dc\u00dcP<\/th>\n<td>Asti<\/td>\n<\/tr>\n<tr>\n<th>MAITSE<\/th>\n<td>Poolmagus, ananass, k\u00fcps \u00f5un, k\u00fcps aprikoos, virsik<\/td>\n<\/tr>\n<tr>\n<th>AROOM<\/th>\n<td>K\u00fcpsed kollased puuviljad, ananass, melon, aprikoos<\/td>\n<\/tr>\n<tr>\n<th>ALKOHOLISISALDUS<\/th>\n<td>7.5\u00b0<\/td>\n<\/tr>\n<tr>\n<th>MAHT<\/th>\n<td>0.75l Pudel<\/td>\n<\/tr>\n<tr>\n<th>KOGUS PAKENDIS<\/th>\n<td>12 x 0.75L<\/td>\n<\/tr>\n<\/tbody>\n<\/table>","protected":false},"featured_media":1020,"comment_status":"closed","ping_status":"closed","template":"","meta":[],"product_brand":[],"product_cat":[19],"product_tag":[],"class_list":{"0":"post-1019","1":"product","2":"type-product","3":"status-publish","4":"has-post-thumbnail","6":"product_cat-kingitused","8":"first","9":"instock","10":"shipping-taxable","11":"purchasable","12":"product-type-simple"},"yoast_head":"<!-- This site is optimized with the Yoast SEO plugin v25.3.1 - https:\/\/yoast.com\/wordpress\/plugins\/seo\/ -->\n<title>Vahuvein Martini Asti 75 cl - Flamingo Lillepood<\/title>\n<meta name=\"robots\" content=\"index, follow, max-snippet:-1, max-image-preview:large, max-video-preview:-1\" \/>\n<link rel=\"canonical\" href=\"https:\/\/flamingolilled.ee\/en\/product\/vahuvein-martini-asti-75-cl\/\" \/>\n<meta property=\"og:locale\" content=\"en_GB\" \/>\n<meta property=\"og:type\" content=\"article\" \/>\n<meta property=\"og:title\" content=\"Vahuvein Martini Asti 75 cl - Flamingo Lillepood\" \/>\n<meta property=\"og:description\" content=\"Keskmise t\u00e4idlusega poolmagus puuviljane vahuvein 7,5%.  Toodet saab tellida ainult koos lilledega!    RIIK     TOOTJA Martini &amp; Rossi   V\u00c4RV Kuldkollane   VIINAMARJAD Moscato Bianco   T\u00dc\u00dcP Asti   MAITSE Poolmagus, ananass, k\u00fcps \u00f5un, k\u00fcps aprikoos, virsik   AROOM K\u00fcpsed kollased puuviljad, ananass, melon, aprikoos   ALKOHOLISISALDUS 7.5\u00b0   MAHT 0.75l Pudel   KOGUS PAKENDIS 12 x 0.75L\" \/>\n<meta property=\"og:url\" content=\"https:\/\/flamingolilled.ee\/en\/product\/vahuvein-martini-asti-75-cl\/\" \/>\n<meta property=\"og:site_name\" content=\"Flamingo Lillepood\" \/>\n<meta property=\"article:publisher\" content=\"https:\/\/www.facebook.com\/flamingolilled\" \/>\n<meta property=\"article:modified_time\" content=\"2024-03-06T08:31:39+00:00\" \/>\n<meta property=\"og:image\" content=\"https:\/\/flamingolilled.ee\/wp-content\/uploads\/2024\/03\/aisti-600x513-600x513-1.jpg\" \/>\n\t<meta property=\"og:image:width\" content=\"600\" \/>\n\t<meta property=\"og:image:height\" content=\"513\" \/>\n\t<meta property=\"og:image:type\" content=\"image\/jpeg\" \/>\n<meta name=\"twitter:card\" content=\"summary_large_image\" \/>\n<script type=\"application\/ld+json\" class=\"yoast-schema-graph\">{\"@context\":\"https:\/\/schema.org\",\"@graph\":[{\"@type\":\"WebPage\",\"@id\":\"https:\/\/flamingolilled.ee\/toode\/vahuvein-martini-asti-75-cl\/\",\"url\":\"https:\/\/flamingolilled.ee\/toode\/vahuvein-martini-asti-75-cl\/\",\"name\":\"Vahuvein Martini Asti 75 cl - Flamingo Lillepood\",\"isPartOf\":{\"@id\":\"https:\/\/flamingolilled.ee\/#website\"},\"primaryImageOfPage\":{\"@id\":\"https:\/\/flamingolilled.ee\/toode\/vahuvein-martini-asti-75-cl\/#primaryimage\"},\"image\":{\"@id\":\"https:\/\/flamingolilled.ee\/toode\/vahuvein-martini-asti-75-cl\/#primaryimage\"},\"thumbnailUrl\":\"https:\/\/flamingolilled.ee\/wp-content\/uploads\/2024\/03\/aisti-600x513-600x513-1.jpg\",\"datePublished\":\"2024-03-05T21:48:45+00:00\",\"dateModified\":\"2024-03-06T08:31:39+00:00\",\"breadcrumb\":{\"@id\":\"https:\/\/flamingolilled.ee\/toode\/vahuvein-martini-asti-75-cl\/#breadcrumb\"},\"inLanguage\":\"en-GB\",\"potentialAction\":[{\"@type\":\"ReadAction\",\"target\":[\"https:\/\/flamingolilled.ee\/toode\/vahuvein-martini-asti-75-cl\/\"]}]},{\"@type\":\"ImageObject\",\"inLanguage\":\"en-GB\",\"@id\":\"https:\/\/flamingolilled.ee\/toode\/vahuvein-martini-asti-75-cl\/#primaryimage\",\"url\":\"https:\/\/flamingolilled.ee\/wp-content\/uploads\/2024\/03\/aisti-600x513-600x513-1.jpg\",\"contentUrl\":\"https:\/\/flamingolilled.ee\/wp-content\/uploads\/2024\/03\/aisti-600x513-600x513-1.jpg\",\"width\":600,\"height\":513},{\"@type\":\"BreadcrumbList\",\"@id\":\"https:\/\/flamingolilled.ee\/toode\/vahuvein-martini-asti-75-cl\/#breadcrumb\",\"itemListElement\":[{\"@type\":\"ListItem\",\"position\":1,\"name\":\"Home\",\"item\":\"https:\/\/flamingolilled.ee\/\"},{\"@type\":\"ListItem\",\"position\":2,\"name\":\"Pood\",\"item\":\"https:\/\/flamingolilled.ee\/pood\/\"},{\"@type\":\"ListItem\",\"position\":3,\"name\":\"Vahuvein Martini Asti 75 cl\"}]},{\"@type\":\"WebSite\",\"@id\":\"https:\/\/flamingolilled.ee\/#website\",\"url\":\"https:\/\/flamingolilled.ee\/\",\"name\":\"Flamingo Lillepood\",\"description\":\"P\u00f5lva ilusamad lilled\",\"publisher\":{\"@id\":\"https:\/\/flamingolilled.ee\/#organization\"},\"potentialAction\":[{\"@type\":\"SearchAction\",\"target\":{\"@type\":\"EntryPoint\",\"urlTemplate\":\"https:\/\/flamingolilled.ee\/?s={search_term_string}\"},\"query-input\":{\"@type\":\"PropertyValueSpecification\",\"valueRequired\":true,\"valueName\":\"search_term_string\"}}],\"inLanguage\":\"en-GB\"},{\"@type\":\"Organization\",\"@id\":\"https:\/\/flamingolilled.ee\/#organization\",\"name\":\"Maidro O\u00dc\",\"alternateName\":\"Flamingi Lillepood\",\"url\":\"https:\/\/flamingolilled.ee\/\",\"logo\":{\"@type\":\"ImageObject\",\"inLanguage\":\"en-GB\",\"@id\":\"https:\/\/flamingolilled.ee\/#\/schema\/logo\/image\/\",\"url\":\"https:\/\/flamingolilled.ee\/wp-content\/uploads\/2024\/01\/logo.png\",\"contentUrl\":\"https:\/\/flamingolilled.ee\/wp-content\/uploads\/2024\/01\/logo.png\",\"width\":542,\"height\":257,\"caption\":\"Maidro O\u00dc\"},\"image\":{\"@id\":\"https:\/\/flamingolilled.ee\/#\/schema\/logo\/image\/\"},\"sameAs\":[\"https:\/\/www.facebook.com\/flamingolilled\",\"https:\/\/www.instagram.com\/flamingolilled\/\"]}]}<\/script>\n<!-- \/ Yoast SEO plugin. -->","yoast_head_json":{"title":"Vahuvein Martini Asti 75 cl - Flamingo Lillepood","robots":{"index":"index","follow":"follow","max-snippet":"max-snippet:-1","max-image-preview":"max-image-preview:large","max-video-preview":"max-video-preview:-1"},"canonical":"https:\/\/flamingolilled.ee\/en\/product\/vahuvein-martini-asti-75-cl\/","og_locale":"en_GB","og_type":"article","og_title":"Vahuvein Martini Asti 75 cl - Flamingo Lillepood","og_description":"Keskmise t\u00e4idlusega poolmagus puuviljane vahuvein 7,5%.  Toodet saab tellida ainult koos lilledega!    RIIK     TOOTJA Martini &amp; Rossi   V\u00c4RV Kuldkollane   VIINAMARJAD Moscato Bianco   T\u00dc\u00dcP Asti   MAITSE Poolmagus, ananass, k\u00fcps \u00f5un, k\u00fcps aprikoos, virsik   AROOM K\u00fcpsed kollased puuviljad, ananass, melon, aprikoos   ALKOHOLISISALDUS 7.5\u00b0   MAHT 0.75l Pudel   KOGUS PAKENDIS 12 x 0.75L","og_url":"https:\/\/flamingolilled.ee\/en\/product\/vahuvein-martini-asti-75-cl\/","og_site_name":"Flamingo Lillepood","article_publisher":"https:\/\/www.facebook.com\/flamingolilled","article_modified_time":"2024-03-06T08:31:39+00:00","og_image":[{"width":600,"height":513,"url":"https:\/\/flamingolilled.ee\/wp-content\/uploads\/2024\/03\/aisti-600x513-600x513-1.jpg","type":"image\/jpeg"}],"twitter_card":"summary_large_image","schema":{"@context":"https:\/\/schema.org","@graph":[{"@type":"WebPage","@id":"https:\/\/flamingolilled.ee\/toode\/vahuvein-martini-asti-75-cl\/","url":"https:\/\/flamingolilled.ee\/toode\/vahuvein-martini-asti-75-cl\/","name":"Vahuvein Martini Asti 75 cl - Flamingo Lillepood","isPartOf":{"@id":"https:\/\/flamingolilled.ee\/#website"},"primaryImageOfPage":{"@id":"https:\/\/flamingolilled.ee\/toode\/vahuvein-martini-asti-75-cl\/#primaryimage"},"image":{"@id":"https:\/\/flamingolilled.ee\/toode\/vahuvein-martini-asti-75-cl\/#primaryimage"},"thumbnailUrl":"https:\/\/flamingolilled.ee\/wp-content\/uploads\/2024\/03\/aisti-600x513-600x513-1.jpg","datePublished":"2024-03-05T21:48:45+00:00","dateModified":"2024-03-06T08:31:39+00:00","breadcrumb":{"@id":"https:\/\/flamingolilled.ee\/toode\/vahuvein-martini-asti-75-cl\/#breadcrumb"},"inLanguage":"en-GB","potentialAction":[{"@type":"ReadAction","target":["https:\/\/flamingolilled.ee\/toode\/vahuvein-martini-asti-75-cl\/"]}]},{"@type":"ImageObject","inLanguage":"en-GB","@id":"https:\/\/flamingolilled.ee\/toode\/vahuvein-martini-asti-75-cl\/#primaryimage","url":"https:\/\/flamingolilled.ee\/wp-content\/uploads\/2024\/03\/aisti-600x513-600x513-1.jpg","contentUrl":"https:\/\/flamingolilled.ee\/wp-content\/uploads\/2024\/03\/aisti-600x513-600x513-1.jpg","width":600,"height":513},{"@type":"BreadcrumbList","@id":"https:\/\/flamingolilled.ee\/toode\/vahuvein-martini-asti-75-cl\/#breadcrumb","itemListElement":[{"@type":"ListItem","position":1,"name":"Home","item":"https:\/\/flamingolilled.ee\/"},{"@type":"ListItem","position":2,"name":"Pood","item":"https:\/\/flamingolilled.ee\/pood\/"},{"@type":"ListItem","position":3,"name":"Vahuvein Martini Asti 75 cl"}]},{"@type":"WebSite","@id":"https:\/\/flamingolilled.ee\/#website","url":"https:\/\/flamingolilled.ee\/","name":"Flamingo Lillepood","description":"P\u00f5lva ilusamad lilled","publisher":{"@id":"https:\/\/flamingolilled.ee\/#organization"},"potentialAction":[{"@type":"SearchAction","target":{"@type":"EntryPoint","urlTemplate":"https:\/\/flamingolilled.ee\/?s={search_term_string}"},"query-input":{"@type":"PropertyValueSpecification","valueRequired":true,"valueName":"search_term_string"}}],"inLanguage":"en-GB"},{"@type":"Organization","@id":"https:\/\/flamingolilled.ee\/#organization","name":"Maidro O\u00dc","alternateName":"Flamingi Lillepood","url":"https:\/\/flamingolilled.ee\/","logo":{"@type":"ImageObject","inLanguage":"en-GB","@id":"https:\/\/flamingolilled.ee\/#\/schema\/logo\/image\/","url":"https:\/\/flamingolilled.ee\/wp-content\/uploads\/2024\/01\/logo.png","contentUrl":"https:\/\/flamingolilled.ee\/wp-content\/uploads\/2024\/01\/logo.png","width":542,"height":257,"caption":"Maidro O\u00dc"},"image":{"@id":"https:\/\/flamingolilled.ee\/#\/schema\/logo\/image\/"},"sameAs":["https:\/\/www.facebook.com\/flamingolilled","https:\/\/www.instagram.com\/flamingolilled\/"]}]}},"jetpack_sharing_enabled":true,"_links":{"self":[{"href":"https:\/\/flamingolilled.ee\/en\/wp-json\/wp\/v2\/product\/1019","targetHints":{"allow":["GET"]}}],"collection":[{"href":"https:\/\/flamingolilled.ee\/en\/wp-json\/wp\/v2\/product"}],"about":[{"href":"https:\/\/flamingolilled.ee\/en\/wp-json\/wp\/v2\/types\/product"}],"replies":[{"embeddable":true,"href":"https:\/\/flamingolilled.ee\/en\/wp-json\/wp\/v2\/comments?post=1019"}],"wp:featuredmedia":[{"embeddable":true,"href":"https:\/\/flamingolilled.ee\/en\/wp-json\/wp\/v2\/media\/1020"}],"wp:attachment":[{"href":"https:\/\/flamingolilled.ee\/en\/wp-json\/wp\/v2\/media?parent=1019"}],"wp:term":[{"taxonomy":"product_brand","embeddable":true,"href":"https:\/\/flamingolilled.ee\/en\/wp-json\/wp\/v2\/product_brand?post=1019"},{"taxonomy":"product_cat","embeddable":true,"href":"https:\/\/flamingolilled.ee\/en\/wp-json\/wp\/v2\/product_cat?post=1019"},{"taxonomy":"product_tag","embeddable":true,"href":"https:\/\/flamingolilled.ee\/en\/wp-json\/wp\/v2\/product_tag?post=1019"}],"curies":[{"name":"wp","href":"https:\/\/api.w.org\/{rel}","templated":true}]}}