{"id":1025,"date":"2024-03-06T11:03:36","date_gmt":"2024-03-06T09:03:36","guid":{"rendered":"https:\/\/flamingolilled.ee\/?post_type=product&#038;p=1025"},"modified":"2024-03-06T11:03:36","modified_gmt":"2024-03-06T09:03:36","slug":"maschio-prosecco-vino-frizzante-105-075l","status":"publish","type":"product","link":"https:\/\/flamingolilled.ee\/en\/product\/maschio-prosecco-vino-frizzante-105-075l\/","title":{"rendered":"Maschio Prosecco Vino Frizzante 10,5% 0,75L"},"content":{"rendered":"<p>Kerge, v\u00e4rske puuviljaselt elav kuiv vahuvein.<\/p>\n<p>&nbsp;<\/p>","protected":false},"excerpt":{"rendered":"<table>\n<tbody>\n<tr>\n<th>RIIK<\/th>\n<td>\n<div class=\"tooltip-wrap\"><img decoding=\"async\" class=\"entered lazyloaded\" src=\"https:\/\/www.livikostore.ee\/wp-content\/uploads\/icons\/5abe400a9c0621770fb5b1bd29a1f2b2.png\" data-lazy-src=\"https:\/\/www.livikostore.ee\/wp-content\/uploads\/icons\/5abe400a9c0621770fb5b1bd29a1f2b2.png\" data-ll-status=\"loaded\" \/><\/div>\n<\/td>\n<\/tr>\n<tr>\n<th>TOOTJA<\/th>\n<td>Cantine Maschio<\/td>\n<\/tr>\n<tr>\n<th>V\u00c4RV<\/th>\n<td>Valge<\/td>\n<\/tr>\n<tr>\n<th>VIINAMARJAD<\/th>\n<td>Glera<\/td>\n<\/tr>\n<tr>\n<th>T\u00dc\u00dcP<\/th>\n<td>Kaitstud p\u00e4ritoulnimetusega poolvahuvein<\/td>\n<\/tr>\n<tr>\n<th>MAITSE<\/th>\n<td>Kerge, kuiv, kergelt gaseeritud valge vein<\/td>\n<\/tr>\n<tr>\n<th><\/th>\n<td><\/td>\n<\/tr>\n<tr>\n<th>ALKOHOLISISALDUS<\/th>\n<td>10,5\u00b0<\/td>\n<\/tr>\n<tr>\n<th>MAHT<\/th>\n<td>0.75l Pudel<\/td>\n<\/tr>\n<tr>\n<th>KOGUS PAKENDIS<\/th>\n<td>6 x 0.75L<\/td>\n<\/tr>\n<\/tbody>\n<\/table>","protected":false},"featured_media":1026,"comment_status":"closed","ping_status":"closed","template":"","meta":[],"product_brand":[],"product_cat":[16,19],"product_tag":[],"class_list":{"0":"post-1025","1":"product","2":"type-product","3":"status-publish","4":"has-post-thumbnail","6":"product_cat-maaramata","7":"product_cat-kingitused","9":"first","10":"instock","11":"shipping-taxable","12":"purchasable","13":"product-type-simple"},"yoast_head":"<!-- This site is optimized with the Yoast SEO plugin v25.3.1 - https:\/\/yoast.com\/wordpress\/plugins\/seo\/ -->\n<title>Maschio Prosecco Vino Frizzante 10,5% 0,75L - Flamingo Lillepood<\/title>\n<meta name=\"robots\" content=\"index, follow, max-snippet:-1, max-image-preview:large, max-video-preview:-1\" \/>\n<link rel=\"canonical\" href=\"https:\/\/flamingolilled.ee\/en\/product\/maschio-prosecco-vino-frizzante-105-075l\/\" \/>\n<meta property=\"og:locale\" content=\"en_GB\" \/>\n<meta property=\"og:type\" content=\"article\" \/>\n<meta property=\"og:title\" content=\"Maschio Prosecco Vino Frizzante 10,5% 0,75L - Flamingo Lillepood\" \/>\n<meta property=\"og:description\" content=\"RIIK     TOOTJA Cantine Maschio   V\u00c4RV Valge   VIINAMARJAD Glera   T\u00dc\u00dcP Kaitstud p\u00e4ritoulnimetusega poolvahuvein   MAITSE Kerge, kuiv, kergelt gaseeritud valge vein       ALKOHOLISISALDUS 10,5\u00b0   MAHT 0.75l Pudel   KOGUS PAKENDIS 6 x 0.75L\" \/>\n<meta property=\"og:url\" content=\"https:\/\/flamingolilled.ee\/en\/product\/maschio-prosecco-vino-frizzante-105-075l\/\" \/>\n<meta property=\"og:site_name\" content=\"Flamingo Lillepood\" \/>\n<meta property=\"article:publisher\" content=\"https:\/\/www.facebook.com\/flamingolilled\" \/>\n<meta property=\"og:image\" content=\"https:\/\/flamingolilled.ee\/wp-content\/uploads\/2024\/03\/IMG_1688-scaled.jpg\" \/>\n\t<meta property=\"og:image:width\" content=\"2560\" \/>\n\t<meta property=\"og:image:height\" content=\"2560\" \/>\n\t<meta property=\"og:image:type\" content=\"image\/jpeg\" \/>\n<meta name=\"twitter:card\" content=\"summary_large_image\" \/>\n<script type=\"application\/ld+json\" class=\"yoast-schema-graph\">{\"@context\":\"https:\/\/schema.org\",\"@graph\":[{\"@type\":\"WebPage\",\"@id\":\"https:\/\/flamingolilled.ee\/toode\/maschio-prosecco-vino-frizzante-105-075l\/\",\"url\":\"https:\/\/flamingolilled.ee\/toode\/maschio-prosecco-vino-frizzante-105-075l\/\",\"name\":\"Maschio Prosecco Vino Frizzante 10,5% 0,75L - Flamingo Lillepood\",\"isPartOf\":{\"@id\":\"https:\/\/flamingolilled.ee\/#website\"},\"primaryImageOfPage\":{\"@id\":\"https:\/\/flamingolilled.ee\/toode\/maschio-prosecco-vino-frizzante-105-075l\/#primaryimage\"},\"image\":{\"@id\":\"https:\/\/flamingolilled.ee\/toode\/maschio-prosecco-vino-frizzante-105-075l\/#primaryimage\"},\"thumbnailUrl\":\"https:\/\/flamingolilled.ee\/wp-content\/uploads\/2024\/03\/IMG_1688-scaled.jpg\",\"datePublished\":\"2024-03-06T09:03:36+00:00\",\"breadcrumb\":{\"@id\":\"https:\/\/flamingolilled.ee\/toode\/maschio-prosecco-vino-frizzante-105-075l\/#breadcrumb\"},\"inLanguage\":\"en-GB\",\"potentialAction\":[{\"@type\":\"ReadAction\",\"target\":[\"https:\/\/flamingolilled.ee\/toode\/maschio-prosecco-vino-frizzante-105-075l\/\"]}]},{\"@type\":\"ImageObject\",\"inLanguage\":\"en-GB\",\"@id\":\"https:\/\/flamingolilled.ee\/toode\/maschio-prosecco-vino-frizzante-105-075l\/#primaryimage\",\"url\":\"https:\/\/flamingolilled.ee\/wp-content\/uploads\/2024\/03\/IMG_1688-scaled.jpg\",\"contentUrl\":\"https:\/\/flamingolilled.ee\/wp-content\/uploads\/2024\/03\/IMG_1688-scaled.jpg\",\"width\":2560,\"height\":2560},{\"@type\":\"BreadcrumbList\",\"@id\":\"https:\/\/flamingolilled.ee\/toode\/maschio-prosecco-vino-frizzante-105-075l\/#breadcrumb\",\"itemListElement\":[{\"@type\":\"ListItem\",\"position\":1,\"name\":\"Home\",\"item\":\"https:\/\/flamingolilled.ee\/\"},{\"@type\":\"ListItem\",\"position\":2,\"name\":\"Pood\",\"item\":\"https:\/\/flamingolilled.ee\/pood\/\"},{\"@type\":\"ListItem\",\"position\":3,\"name\":\"Maschio Prosecco Vino Frizzante 10,5% 0,75L\"}]},{\"@type\":\"WebSite\",\"@id\":\"https:\/\/flamingolilled.ee\/#website\",\"url\":\"https:\/\/flamingolilled.ee\/\",\"name\":\"Flamingo Lillepood\",\"description\":\"P\u00f5lva ilusamad lilled\",\"publisher\":{\"@id\":\"https:\/\/flamingolilled.ee\/#organization\"},\"potentialAction\":[{\"@type\":\"SearchAction\",\"target\":{\"@type\":\"EntryPoint\",\"urlTemplate\":\"https:\/\/flamingolilled.ee\/?s={search_term_string}\"},\"query-input\":{\"@type\":\"PropertyValueSpecification\",\"valueRequired\":true,\"valueName\":\"search_term_string\"}}],\"inLanguage\":\"en-GB\"},{\"@type\":\"Organization\",\"@id\":\"https:\/\/flamingolilled.ee\/#organization\",\"name\":\"Maidro O\u00dc\",\"alternateName\":\"Flamingi Lillepood\",\"url\":\"https:\/\/flamingolilled.ee\/\",\"logo\":{\"@type\":\"ImageObject\",\"inLanguage\":\"en-GB\",\"@id\":\"https:\/\/flamingolilled.ee\/#\/schema\/logo\/image\/\",\"url\":\"https:\/\/flamingolilled.ee\/wp-content\/uploads\/2024\/01\/logo.png\",\"contentUrl\":\"https:\/\/flamingolilled.ee\/wp-content\/uploads\/2024\/01\/logo.png\",\"width\":542,\"height\":257,\"caption\":\"Maidro O\u00dc\"},\"image\":{\"@id\":\"https:\/\/flamingolilled.ee\/#\/schema\/logo\/image\/\"},\"sameAs\":[\"https:\/\/www.facebook.com\/flamingolilled\",\"https:\/\/www.instagram.com\/flamingolilled\/\"]}]}<\/script>\n<!-- \/ Yoast SEO plugin. -->","yoast_head_json":{"title":"Maschio Prosecco Vino Frizzante 10,5% 0,75L - Flamingo Lillepood","robots":{"index":"index","follow":"follow","max-snippet":"max-snippet:-1","max-image-preview":"max-image-preview:large","max-video-preview":"max-video-preview:-1"},"canonical":"https:\/\/flamingolilled.ee\/en\/product\/maschio-prosecco-vino-frizzante-105-075l\/","og_locale":"en_GB","og_type":"article","og_title":"Maschio Prosecco Vino Frizzante 10,5% 0,75L - Flamingo Lillepood","og_description":"RIIK     TOOTJA Cantine Maschio   V\u00c4RV Valge   VIINAMARJAD Glera   T\u00dc\u00dcP Kaitstud p\u00e4ritoulnimetusega poolvahuvein   MAITSE Kerge, kuiv, kergelt gaseeritud valge vein       ALKOHOLISISALDUS 10,5\u00b0   MAHT 0.75l Pudel   KOGUS PAKENDIS 6 x 0.75L","og_url":"https:\/\/flamingolilled.ee\/en\/product\/maschio-prosecco-vino-frizzante-105-075l\/","og_site_name":"Flamingo Lillepood","article_publisher":"https:\/\/www.facebook.com\/flamingolilled","og_image":[{"width":2560,"height":2560,"url":"https:\/\/flamingolilled.ee\/wp-content\/uploads\/2024\/03\/IMG_1688-scaled.jpg","type":"image\/jpeg"}],"twitter_card":"summary_large_image","schema":{"@context":"https:\/\/schema.org","@graph":[{"@type":"WebPage","@id":"https:\/\/flamingolilled.ee\/toode\/maschio-prosecco-vino-frizzante-105-075l\/","url":"https:\/\/flamingolilled.ee\/toode\/maschio-prosecco-vino-frizzante-105-075l\/","name":"Maschio Prosecco Vino Frizzante 10,5% 0,75L - Flamingo Lillepood","isPartOf":{"@id":"https:\/\/flamingolilled.ee\/#website"},"primaryImageOfPage":{"@id":"https:\/\/flamingolilled.ee\/toode\/maschio-prosecco-vino-frizzante-105-075l\/#primaryimage"},"image":{"@id":"https:\/\/flamingolilled.ee\/toode\/maschio-prosecco-vino-frizzante-105-075l\/#primaryimage"},"thumbnailUrl":"https:\/\/flamingolilled.ee\/wp-content\/uploads\/2024\/03\/IMG_1688-scaled.jpg","datePublished":"2024-03-06T09:03:36+00:00","breadcrumb":{"@id":"https:\/\/flamingolilled.ee\/toode\/maschio-prosecco-vino-frizzante-105-075l\/#breadcrumb"},"inLanguage":"en-GB","potentialAction":[{"@type":"ReadAction","target":["https:\/\/flamingolilled.ee\/toode\/maschio-prosecco-vino-frizzante-105-075l\/"]}]},{"@type":"ImageObject","inLanguage":"en-GB","@id":"https:\/\/flamingolilled.ee\/toode\/maschio-prosecco-vino-frizzante-105-075l\/#primaryimage","url":"https:\/\/flamingolilled.ee\/wp-content\/uploads\/2024\/03\/IMG_1688-scaled.jpg","contentUrl":"https:\/\/flamingolilled.ee\/wp-content\/uploads\/2024\/03\/IMG_1688-scaled.jpg","width":2560,"height":2560},{"@type":"BreadcrumbList","@id":"https:\/\/flamingolilled.ee\/toode\/maschio-prosecco-vino-frizzante-105-075l\/#breadcrumb","itemListElement":[{"@type":"ListItem","position":1,"name":"Home","item":"https:\/\/flamingolilled.ee\/"},{"@type":"ListItem","position":2,"name":"Pood","item":"https:\/\/flamingolilled.ee\/pood\/"},{"@type":"ListItem","position":3,"name":"Maschio Prosecco Vino Frizzante 10,5% 0,75L"}]},{"@type":"WebSite","@id":"https:\/\/flamingolilled.ee\/#website","url":"https:\/\/flamingolilled.ee\/","name":"Flamingo Lillepood","description":"P\u00f5lva ilusamad lilled","publisher":{"@id":"https:\/\/flamingolilled.ee\/#organization"},"potentialAction":[{"@type":"SearchAction","target":{"@type":"EntryPoint","urlTemplate":"https:\/\/flamingolilled.ee\/?s={search_term_string}"},"query-input":{"@type":"PropertyValueSpecification","valueRequired":true,"valueName":"search_term_string"}}],"inLanguage":"en-GB"},{"@type":"Organization","@id":"https:\/\/flamingolilled.ee\/#organization","name":"Maidro O\u00dc","alternateName":"Flamingi Lillepood","url":"https:\/\/flamingolilled.ee\/","logo":{"@type":"ImageObject","inLanguage":"en-GB","@id":"https:\/\/flamingolilled.ee\/#\/schema\/logo\/image\/","url":"https:\/\/flamingolilled.ee\/wp-content\/uploads\/2024\/01\/logo.png","contentUrl":"https:\/\/flamingolilled.ee\/wp-content\/uploads\/2024\/01\/logo.png","width":542,"height":257,"caption":"Maidro O\u00dc"},"image":{"@id":"https:\/\/flamingolilled.ee\/#\/schema\/logo\/image\/"},"sameAs":["https:\/\/www.facebook.com\/flamingolilled","https:\/\/www.instagram.com\/flamingolilled\/"]}]}},"jetpack_sharing_enabled":true,"_links":{"self":[{"href":"https:\/\/flamingolilled.ee\/en\/wp-json\/wp\/v2\/product\/1025","targetHints":{"allow":["GET"]}}],"collection":[{"href":"https:\/\/flamingolilled.ee\/en\/wp-json\/wp\/v2\/product"}],"about":[{"href":"https:\/\/flamingolilled.ee\/en\/wp-json\/wp\/v2\/types\/product"}],"replies":[{"embeddable":true,"href":"https:\/\/flamingolilled.ee\/en\/wp-json\/wp\/v2\/comments?post=1025"}],"wp:featuredmedia":[{"embeddable":true,"href":"https:\/\/flamingolilled.ee\/en\/wp-json\/wp\/v2\/media\/1026"}],"wp:attachment":[{"href":"https:\/\/flamingolilled.ee\/en\/wp-json\/wp\/v2\/media?parent=1025"}],"wp:term":[{"taxonomy":"product_brand","embeddable":true,"href":"https:\/\/flamingolilled.ee\/en\/wp-json\/wp\/v2\/product_brand?post=1025"},{"taxonomy":"product_cat","embeddable":true,"href":"https:\/\/flamingolilled.ee\/en\/wp-json\/wp\/v2\/product_cat?post=1025"},{"taxonomy":"product_tag","embeddable":true,"href":"https:\/\/flamingolilled.ee\/en\/wp-json\/wp\/v2\/product_tag?post=1025"}],"curies":[{"name":"wp","href":"https:\/\/api.w.org\/{rel}","templated":true}]}}