{"id":189,"date":"2024-02-06T20:40:52","date_gmt":"2024-02-06T18:40:52","guid":{"rendered":"https:\/\/flamingolilled.ee\/?post_type=product&#038;p=189"},"modified":"2024-03-07T14:18:34","modified_gmt":"2024-03-07T12:18:34","slug":"roosa-kimp","status":"publish","type":"product","link":"https:\/\/flamingolilled.ee\/en\/product\/roosa-kimp\/","title":{"rendered":"Roosa kimp"},"content":{"rendered":"","protected":false},"excerpt":{"rendered":"<p>Iga lillekimp valmib suure hoole ja armastusega.<\/p>\n<p>M\u00f5ne toote puudumisel asendame pildil n\u00e4idatud lilled teiste sama liiki v\u00f5i sarnast v\u00e4rvi lilledega, tagades seejuures ligil\u00e4hedaselt sarnase v\u00e4limusega lillekimbu.<\/p>\n<p>Sulle meeldib see kimp, kuid sooviksid teist v\u00e4rvi?<br \/>\nKirjuta meile tellimust tehes m\u00e4rkuste lahtrisse oma v\u00e4rvi eelistus.<\/p>\n<p>Iga tellimusega on v\u00f5imalik saata personaalse s\u00f5numiga kimbukaart TASUTA!<\/p>\n<p>Kirjuta oma s\u00f5num ostukorvis.<\/p>","protected":false},"featured_media":190,"comment_status":"closed","ping_status":"closed","template":"","meta":[],"product_brand":[],"product_cat":[18],"product_tag":[],"class_list":{"0":"post-189","1":"product","2":"type-product","3":"status-publish","4":"has-post-thumbnail","6":"product_cat-lillekimbud","8":"first","9":"instock","10":"shipping-taxable","11":"purchasable","12":"product-type-simple"},"yoast_head":"<!-- This site is optimized with the Yoast SEO plugin v25.3.1 - https:\/\/yoast.com\/wordpress\/plugins\/seo\/ -->\n<title>Roosa kimp - Flamingo Lillepood<\/title>\n<meta name=\"robots\" content=\"index, follow, max-snippet:-1, max-image-preview:large, max-video-preview:-1\" \/>\n<link rel=\"canonical\" href=\"https:\/\/flamingolilled.ee\/en\/product\/roosa-kimp\/\" \/>\n<meta property=\"og:locale\" content=\"en_GB\" \/>\n<meta property=\"og:type\" content=\"article\" \/>\n<meta property=\"og:title\" content=\"Roosa kimp - Flamingo Lillepood\" \/>\n<meta property=\"og:description\" content=\"Iga lillekimp valmib suure hoole ja armastusega.  M\u00f5ne toote puudumisel asendame pildil n\u00e4idatud lilled teiste sama liiki v\u00f5i sarnast v\u00e4rvi lilledega, tagades seejuures ligil\u00e4hedaselt sarnase v\u00e4limusega lillekimbu.  Sulle meeldib see kimp, kuid sooviksid teist v\u00e4rvi? Kirjuta meile tellimust tehes m\u00e4rkuste lahtrisse oma v\u00e4rvi eelistus.  Iga tellimusega on v\u00f5imalik saata personaalse s\u00f5numiga kimbukaart TASUTA!  Kirjuta oma s\u00f5num ostukorvis.\" \/>\n<meta property=\"og:url\" content=\"https:\/\/flamingolilled.ee\/en\/product\/roosa-kimp\/\" \/>\n<meta property=\"og:site_name\" content=\"Flamingo Lillepood\" \/>\n<meta property=\"article:publisher\" content=\"https:\/\/www.facebook.com\/flamingolilled\" \/>\n<meta property=\"article:modified_time\" content=\"2024-03-07T12:18:34+00:00\" \/>\n<meta property=\"og:image\" content=\"https:\/\/flamingolilled.ee\/wp-content\/uploads\/2024\/02\/417507701_949358170529408_248814266016458695_n.jpg\" \/>\n\t<meta property=\"og:image:width\" content=\"1126\" \/>\n\t<meta property=\"og:image:height\" content=\"1409\" \/>\n\t<meta property=\"og:image:type\" content=\"image\/jpeg\" \/>\n<meta name=\"twitter:card\" content=\"summary_large_image\" \/>\n<meta name=\"twitter:label1\" content=\"Estimated reading time\" \/>\n\t<meta name=\"twitter:data1\" content=\"1 minute\" \/>\n<script type=\"application\/ld+json\" class=\"yoast-schema-graph\">{\"@context\":\"https:\/\/schema.org\",\"@graph\":[{\"@type\":\"WebPage\",\"@id\":\"https:\/\/flamingolilled.ee\/toode\/roosa-kimp\/\",\"url\":\"https:\/\/flamingolilled.ee\/toode\/roosa-kimp\/\",\"name\":\"Roosa kimp - Flamingo Lillepood\",\"isPartOf\":{\"@id\":\"https:\/\/flamingolilled.ee\/#website\"},\"primaryImageOfPage\":{\"@id\":\"https:\/\/flamingolilled.ee\/toode\/roosa-kimp\/#primaryimage\"},\"image\":{\"@id\":\"https:\/\/flamingolilled.ee\/toode\/roosa-kimp\/#primaryimage\"},\"thumbnailUrl\":\"https:\/\/flamingolilled.ee\/wp-content\/uploads\/2024\/02\/417507701_949358170529408_248814266016458695_n.jpg\",\"datePublished\":\"2024-02-06T18:40:52+00:00\",\"dateModified\":\"2024-03-07T12:18:34+00:00\",\"breadcrumb\":{\"@id\":\"https:\/\/flamingolilled.ee\/toode\/roosa-kimp\/#breadcrumb\"},\"inLanguage\":\"en-GB\",\"potentialAction\":[{\"@type\":\"ReadAction\",\"target\":[\"https:\/\/flamingolilled.ee\/toode\/roosa-kimp\/\"]}]},{\"@type\":\"ImageObject\",\"inLanguage\":\"en-GB\",\"@id\":\"https:\/\/flamingolilled.ee\/toode\/roosa-kimp\/#primaryimage\",\"url\":\"https:\/\/flamingolilled.ee\/wp-content\/uploads\/2024\/02\/417507701_949358170529408_248814266016458695_n.jpg\",\"contentUrl\":\"https:\/\/flamingolilled.ee\/wp-content\/uploads\/2024\/02\/417507701_949358170529408_248814266016458695_n.jpg\",\"width\":1126,\"height\":1409},{\"@type\":\"BreadcrumbList\",\"@id\":\"https:\/\/flamingolilled.ee\/toode\/roosa-kimp\/#breadcrumb\",\"itemListElement\":[{\"@type\":\"ListItem\",\"position\":1,\"name\":\"Home\",\"item\":\"https:\/\/flamingolilled.ee\/\"},{\"@type\":\"ListItem\",\"position\":2,\"name\":\"Pood\",\"item\":\"https:\/\/flamingolilled.ee\/pood\/\"},{\"@type\":\"ListItem\",\"position\":3,\"name\":\"Roosa kimp\"}]},{\"@type\":\"WebSite\",\"@id\":\"https:\/\/flamingolilled.ee\/#website\",\"url\":\"https:\/\/flamingolilled.ee\/\",\"name\":\"Flamingo Lillepood\",\"description\":\"P\u00f5lva ilusamad lilled\",\"publisher\":{\"@id\":\"https:\/\/flamingolilled.ee\/#organization\"},\"potentialAction\":[{\"@type\":\"SearchAction\",\"target\":{\"@type\":\"EntryPoint\",\"urlTemplate\":\"https:\/\/flamingolilled.ee\/?s={search_term_string}\"},\"query-input\":{\"@type\":\"PropertyValueSpecification\",\"valueRequired\":true,\"valueName\":\"search_term_string\"}}],\"inLanguage\":\"en-GB\"},{\"@type\":\"Organization\",\"@id\":\"https:\/\/flamingolilled.ee\/#organization\",\"name\":\"Maidro O\u00dc\",\"alternateName\":\"Flamingi Lillepood\",\"url\":\"https:\/\/flamingolilled.ee\/\",\"logo\":{\"@type\":\"ImageObject\",\"inLanguage\":\"en-GB\",\"@id\":\"https:\/\/flamingolilled.ee\/#\/schema\/logo\/image\/\",\"url\":\"https:\/\/flamingolilled.ee\/wp-content\/uploads\/2024\/01\/logo.png\",\"contentUrl\":\"https:\/\/flamingolilled.ee\/wp-content\/uploads\/2024\/01\/logo.png\",\"width\":542,\"height\":257,\"caption\":\"Maidro O\u00dc\"},\"image\":{\"@id\":\"https:\/\/flamingolilled.ee\/#\/schema\/logo\/image\/\"},\"sameAs\":[\"https:\/\/www.facebook.com\/flamingolilled\",\"https:\/\/www.instagram.com\/flamingolilled\/\"]}]}<\/script>\n<!-- \/ Yoast SEO plugin. -->","yoast_head_json":{"title":"Roosa kimp - Flamingo Lillepood","robots":{"index":"index","follow":"follow","max-snippet":"max-snippet:-1","max-image-preview":"max-image-preview:large","max-video-preview":"max-video-preview:-1"},"canonical":"https:\/\/flamingolilled.ee\/en\/product\/roosa-kimp\/","og_locale":"en_GB","og_type":"article","og_title":"Roosa kimp - Flamingo Lillepood","og_description":"Iga lillekimp valmib suure hoole ja armastusega.  M\u00f5ne toote puudumisel asendame pildil n\u00e4idatud lilled teiste sama liiki v\u00f5i sarnast v\u00e4rvi lilledega, tagades seejuures ligil\u00e4hedaselt sarnase v\u00e4limusega lillekimbu.  Sulle meeldib see kimp, kuid sooviksid teist v\u00e4rvi? Kirjuta meile tellimust tehes m\u00e4rkuste lahtrisse oma v\u00e4rvi eelistus.  Iga tellimusega on v\u00f5imalik saata personaalse s\u00f5numiga kimbukaart TASUTA!  Kirjuta oma s\u00f5num ostukorvis.","og_url":"https:\/\/flamingolilled.ee\/en\/product\/roosa-kimp\/","og_site_name":"Flamingo Lillepood","article_publisher":"https:\/\/www.facebook.com\/flamingolilled","article_modified_time":"2024-03-07T12:18:34+00:00","og_image":[{"width":1126,"height":1409,"url":"https:\/\/flamingolilled.ee\/wp-content\/uploads\/2024\/02\/417507701_949358170529408_248814266016458695_n.jpg","type":"image\/jpeg"}],"twitter_card":"summary_large_image","twitter_misc":{"Estimated reading time":"1 minute"},"schema":{"@context":"https:\/\/schema.org","@graph":[{"@type":"WebPage","@id":"https:\/\/flamingolilled.ee\/toode\/roosa-kimp\/","url":"https:\/\/flamingolilled.ee\/toode\/roosa-kimp\/","name":"Roosa kimp - Flamingo Lillepood","isPartOf":{"@id":"https:\/\/flamingolilled.ee\/#website"},"primaryImageOfPage":{"@id":"https:\/\/flamingolilled.ee\/toode\/roosa-kimp\/#primaryimage"},"image":{"@id":"https:\/\/flamingolilled.ee\/toode\/roosa-kimp\/#primaryimage"},"thumbnailUrl":"https:\/\/flamingolilled.ee\/wp-content\/uploads\/2024\/02\/417507701_949358170529408_248814266016458695_n.jpg","datePublished":"2024-02-06T18:40:52+00:00","dateModified":"2024-03-07T12:18:34+00:00","breadcrumb":{"@id":"https:\/\/flamingolilled.ee\/toode\/roosa-kimp\/#breadcrumb"},"inLanguage":"en-GB","potentialAction":[{"@type":"ReadAction","target":["https:\/\/flamingolilled.ee\/toode\/roosa-kimp\/"]}]},{"@type":"ImageObject","inLanguage":"en-GB","@id":"https:\/\/flamingolilled.ee\/toode\/roosa-kimp\/#primaryimage","url":"https:\/\/flamingolilled.ee\/wp-content\/uploads\/2024\/02\/417507701_949358170529408_248814266016458695_n.jpg","contentUrl":"https:\/\/flamingolilled.ee\/wp-content\/uploads\/2024\/02\/417507701_949358170529408_248814266016458695_n.jpg","width":1126,"height":1409},{"@type":"BreadcrumbList","@id":"https:\/\/flamingolilled.ee\/toode\/roosa-kimp\/#breadcrumb","itemListElement":[{"@type":"ListItem","position":1,"name":"Home","item":"https:\/\/flamingolilled.ee\/"},{"@type":"ListItem","position":2,"name":"Pood","item":"https:\/\/flamingolilled.ee\/pood\/"},{"@type":"ListItem","position":3,"name":"Roosa kimp"}]},{"@type":"WebSite","@id":"https:\/\/flamingolilled.ee\/#website","url":"https:\/\/flamingolilled.ee\/","name":"Flamingo Lillepood","description":"P\u00f5lva ilusamad lilled","publisher":{"@id":"https:\/\/flamingolilled.ee\/#organization"},"potentialAction":[{"@type":"SearchAction","target":{"@type":"EntryPoint","urlTemplate":"https:\/\/flamingolilled.ee\/?s={search_term_string}"},"query-input":{"@type":"PropertyValueSpecification","valueRequired":true,"valueName":"search_term_string"}}],"inLanguage":"en-GB"},{"@type":"Organization","@id":"https:\/\/flamingolilled.ee\/#organization","name":"Maidro O\u00dc","alternateName":"Flamingi Lillepood","url":"https:\/\/flamingolilled.ee\/","logo":{"@type":"ImageObject","inLanguage":"en-GB","@id":"https:\/\/flamingolilled.ee\/#\/schema\/logo\/image\/","url":"https:\/\/flamingolilled.ee\/wp-content\/uploads\/2024\/01\/logo.png","contentUrl":"https:\/\/flamingolilled.ee\/wp-content\/uploads\/2024\/01\/logo.png","width":542,"height":257,"caption":"Maidro O\u00dc"},"image":{"@id":"https:\/\/flamingolilled.ee\/#\/schema\/logo\/image\/"},"sameAs":["https:\/\/www.facebook.com\/flamingolilled","https:\/\/www.instagram.com\/flamingolilled\/"]}]}},"jetpack_sharing_enabled":true,"_links":{"self":[{"href":"https:\/\/flamingolilled.ee\/en\/wp-json\/wp\/v2\/product\/189","targetHints":{"allow":["GET"]}}],"collection":[{"href":"https:\/\/flamingolilled.ee\/en\/wp-json\/wp\/v2\/product"}],"about":[{"href":"https:\/\/flamingolilled.ee\/en\/wp-json\/wp\/v2\/types\/product"}],"replies":[{"embeddable":true,"href":"https:\/\/flamingolilled.ee\/en\/wp-json\/wp\/v2\/comments?post=189"}],"wp:featuredmedia":[{"embeddable":true,"href":"https:\/\/flamingolilled.ee\/en\/wp-json\/wp\/v2\/media\/190"}],"wp:attachment":[{"href":"https:\/\/flamingolilled.ee\/en\/wp-json\/wp\/v2\/media?parent=189"}],"wp:term":[{"taxonomy":"product_brand","embeddable":true,"href":"https:\/\/flamingolilled.ee\/en\/wp-json\/wp\/v2\/product_brand?post=189"},{"taxonomy":"product_cat","embeddable":true,"href":"https:\/\/flamingolilled.ee\/en\/wp-json\/wp\/v2\/product_cat?post=189"},{"taxonomy":"product_tag","embeddable":true,"href":"https:\/\/flamingolilled.ee\/en\/wp-json\/wp\/v2\/product_tag?post=189"}],"curies":[{"name":"wp","href":"https:\/\/api.w.org\/{rel}","templated":true}]}}